{"id":1093,"date":"2023-02-22T16:00:35","date_gmt":"2023-02-22T16:00:35","guid":{"rendered":"https:\/\/dif.villadealvarez.gob.mx\/noticias\/?page_id=1093"},"modified":"2025-09-25T20:26:13","modified_gmt":"2025-09-25T20:26:13","slug":"fraccion-xxi-xxxi","status":"publish","type":"page","link":"https:\/\/dif.villadealvarez.gob.mx\/noticias\/fraccion-xxi-xxxi\/","title":{"rendered":"Fracci\u00f3n XXI &#038; Fracci\u00f3n XXXI"},"content":{"rendered":"<p><span style=\"color: #800080;\"><strong>Fracci\u00f3n XXI:<\/strong><\/span><\/p>\n<p>La informaci\u00f3n financiera sobre el presupuesto asignado, as\u00ed como los informes del ejercicio trimestral del gasto, en t\u00e9rminos de la Ley General de Contabilidad Gubernamental y dem\u00e1s normatividad aplicable.<\/p>\n<p>&nbsp;<\/p>\n<p><span style=\"color: #800080;\"><strong>Fracci\u00f3n XXXI:<\/strong><\/span><\/p>\n<p>Informe de avances program\u00e1ticos o presupuestales, balances generales y su estado financiero.<\/p>\n<p>&nbsp;<\/p>\n<p>&nbsp;<\/p>\n<p>&nbsp;<\/p>\n<table style=\"height: 242px;\" width=\"755\">\n<tbody>\n<tr style=\"background-color: pink;\">\n<th style=\"text-align: center;\" colspan=\"5\"><strong>EJERCICIOS POR A\u00d1O<br \/>\n<\/strong><\/th>\n<\/tr>\n<tr>\n<td style=\"text-align: center;\">2022<strong><br \/>\n<\/strong><\/td>\n<td style=\"text-align: center;\">2023<strong><br \/>\n<\/strong><\/td>\n<td style=\"text-align: center;\">2024<strong><br \/>\n<\/strong><\/td>\n<\/tr>\n<tr>\n<td><a href=\"https:\/\/dif.villadealvarez.gob.mx\/noticias\/ejercicio-2022\/\"><img loading=\"lazy\" class=\"wp-image-1094 aligncenter\" src=\"https:\/\/dif.villadealvarez.gob.mx\/noticias\/wp-content\/uploads\/2023\/02\/CARP-300x300.png\" alt=\"\" width=\"54\" height=\"54\" srcset=\"https:\/\/dif.villadealvarez.gob.mx\/noticias\/wp-content\/uploads\/2023\/02\/CARP-300x300.png 300w, https:\/\/dif.villadealvarez.gob.mx\/noticias\/wp-content\/uploads\/2023\/02\/CARP-150x150.png 150w, https:\/\/dif.villadealvarez.gob.mx\/noticias\/wp-content\/uploads\/2023\/02\/CARP.png 512w\" sizes=\"(max-width: 54px) 100vw, 54px\" \/><\/a><\/td>\n<td><a href=\"https:\/\/dif.villadealvarez.gob.mx\/noticias\/ejercicio-2023\/\"><img loading=\"lazy\" class=\"alignnone wp-image-1094 aligncenter\" src=\"https:\/\/dif.villadealvarez.gob.mx\/noticias\/wp-content\/uploads\/2023\/02\/CARP-300x300.png\" alt=\"\" width=\"54\" height=\"54\" srcset=\"https:\/\/dif.villadealvarez.gob.mx\/noticias\/wp-content\/uploads\/2023\/02\/CARP-300x300.png 300w, https:\/\/dif.villadealvarez.gob.mx\/noticias\/wp-content\/uploads\/2023\/02\/CARP-150x150.png 150w, https:\/\/dif.villadealvarez.gob.mx\/noticias\/wp-content\/uploads\/2023\/02\/CARP.png 512w\" sizes=\"(max-width: 54px) 100vw, 54px\" \/><\/a><\/td>\n<td><a href=\"https:\/\/dif.villadealvarez.gob.mx\/noticias\/ejercicio-2024\/\"><img loading=\"lazy\" class=\"alignnone wp-image-1094 aligncenter\" src=\"https:\/\/dif.villadealvarez.gob.mx\/noticias\/wp-content\/uploads\/2023\/02\/CARP-300x300.png\" alt=\"\" width=\"54\" height=\"54\" srcset=\"https:\/\/dif.villadealvarez.gob.mx\/noticias\/wp-content\/uploads\/2023\/02\/CARP-300x300.png 300w, https:\/\/dif.villadealvarez.gob.mx\/noticias\/wp-content\/uploads\/2023\/02\/CARP-150x150.png 150w, https:\/\/dif.villadealvarez.gob.mx\/noticias\/wp-content\/uploads\/2023\/02\/CARP.png 512w\" sizes=\"(max-width: 54px) 100vw, 54px\" \/><\/a><\/td>\n<\/tr>\n<tr>\n<td style=\"text-align: center;\">2025<strong><br \/>\n<\/strong><\/td>\n<td style=\"text-align: center;\">2026<strong><br \/>\n<\/strong><\/td>\n<td style=\"text-align: center;\">2027<strong><br \/>\n<\/strong><\/td>\n<\/tr>\n<tr>\n<td style=\"text-align: center;\"><strong><a href=\"https:\/\/dif.villadealvarez.gob.mx\/noticias\/ejercicio-2025\/\"><img loading=\"lazy\" class=\"wp-image-1094 aligncenter\" src=\"https:\/\/dif.villadealvarez.gob.mx\/noticias\/wp-content\/uploads\/2023\/02\/CARP-300x300.png\" alt=\"\" width=\"54\" height=\"54\" srcset=\"https:\/\/dif.villadealvarez.gob.mx\/noticias\/wp-content\/uploads\/2023\/02\/CARP-300x300.png 300w, https:\/\/dif.villadealvarez.gob.mx\/noticias\/wp-content\/uploads\/2023\/02\/CARP-150x150.png 150w, https:\/\/dif.villadealvarez.gob.mx\/noticias\/wp-content\/uploads\/2023\/02\/CARP.png 512w\" sizes=\"(max-width: 54px) 100vw, 54px\" \/><\/a><\/strong><\/td>\n<td style=\"text-align: center;\"><strong><a href=\"https:\/\/dif.villadealvarez.gob.mx\/noticias\/324-2\/\"><img loading=\"lazy\" class=\"wp-image-1094 aligncenter\" src=\"https:\/\/dif.villadealvarez.gob.mx\/noticias\/wp-content\/uploads\/2023\/02\/CARP-300x300.png\" alt=\"\" width=\"54\" height=\"54\" srcset=\"https:\/\/dif.villadealvarez.gob.mx\/noticias\/wp-content\/uploads\/2023\/02\/CARP-300x300.png 300w, https:\/\/dif.villadealvarez.gob.mx\/noticias\/wp-content\/uploads\/2023\/02\/CARP-150x150.png 150w, https:\/\/dif.villadealvarez.gob.mx\/noticias\/wp-content\/uploads\/2023\/02\/CARP.png 512w\" sizes=\"(max-width: 54px) 100vw, 54px\" \/><\/a><\/strong><\/td>\n<td style=\"text-align: center;\"><strong> <a href=\"https:\/\/dif.villadealvarez.gob.mx\/noticias\/324-2\/\"><img loading=\"lazy\" class=\"wp-image-1094 aligncenter\" src=\"https:\/\/dif.villadealvarez.gob.mx\/noticias\/wp-content\/uploads\/2023\/02\/CARP-300x300.png\" alt=\"\" width=\"54\" height=\"54\" srcset=\"https:\/\/dif.villadealvarez.gob.mx\/noticias\/wp-content\/uploads\/2023\/02\/CARP-300x300.png 300w, https:\/\/dif.villadealvarez.gob.mx\/noticias\/wp-content\/uploads\/2023\/02\/CARP-150x150.png 150w, https:\/\/dif.villadealvarez.gob.mx\/noticias\/wp-content\/uploads\/2023\/02\/CARP.png 512w\" sizes=\"(max-width: 54px) 100vw, 54px\" \/><\/a><\/strong><\/td>\n<\/tr>\n<\/tbody>\n<\/table>\n<p>&nbsp;<\/p>\n<p>&nbsp;<\/p>\n<p>&nbsp;<\/p>\n<p>&nbsp;<\/p>\n<p>&nbsp;<\/p>\n<p>&nbsp;<\/p>\n<p>&nbsp;<\/p>\n<p>&nbsp;<\/p>\n<p>&nbsp;<\/p>\n<p>&nbsp;<\/p>\n","protected":false},"excerpt":{"rendered":"<p>Fracci\u00f3n XXI: La informaci\u00f3n financiera sobre el presupuesto asignado, as\u00ed como los informes del ejercicio trimestral del gasto, en t\u00e9rminos de la Ley General de Contabilidad Gubernamental y dem\u00e1s normatividad aplicable. &nbsp; Fracci\u00f3n XXXI: Informe de avances program\u00e1ticos o presupuestales, balances generales y su estado financiero. &nbsp; &nbsp; &nbsp; EJERCICIOS POR A\u00d1O 2022 2023 2024&hellip;<\/p>\n","protected":false},"author":2,"featured_media":0,"parent":0,"menu_order":0,"comment_status":"closed","ping_status":"closed","template":"","meta":[],"_links":{"self":[{"href":"https:\/\/dif.villadealvarez.gob.mx\/noticias\/wp-json\/wp\/v2\/pages\/1093"}],"collection":[{"href":"https:\/\/dif.villadealvarez.gob.mx\/noticias\/wp-json\/wp\/v2\/pages"}],"about":[{"href":"https:\/\/dif.villadealvarez.gob.mx\/noticias\/wp-json\/wp\/v2\/types\/page"}],"author":[{"embeddable":true,"href":"https:\/\/dif.villadealvarez.gob.mx\/noticias\/wp-json\/wp\/v2\/users\/2"}],"replies":[{"embeddable":true,"href":"https:\/\/dif.villadealvarez.gob.mx\/noticias\/wp-json\/wp\/v2\/comments?post=1093"}],"version-history":[{"count":23,"href":"https:\/\/dif.villadealvarez.gob.mx\/noticias\/wp-json\/wp\/v2\/pages\/1093\/revisions"}],"predecessor-version":[{"id":3775,"href":"https:\/\/dif.villadealvarez.gob.mx\/noticias\/wp-json\/wp\/v2\/pages\/1093\/revisions\/3775"}],"wp:attachment":[{"href":"https:\/\/dif.villadealvarez.gob.mx\/noticias\/wp-json\/wp\/v2\/media?parent=1093"}],"curies":[{"name":"wp","href":"https:\/\/api.w.org\/{rel}","templated":true}]}}