{"id":1160,"date":"2023-03-01T16:45:31","date_gmt":"2023-03-01T16:45:31","guid":{"rendered":"https:\/\/dif.villadealvarez.gob.mx\/noticias\/?page_id=1160"},"modified":"2024-07-04T18:44:45","modified_gmt":"2024-07-04T18:44:45","slug":"sipinna","status":"publish","type":"page","link":"https:\/\/dif.villadealvarez.gob.mx\/noticias\/sipinna\/","title":{"rendered":"SIPINNA"},"content":{"rendered":"<p><img loading=\"lazy\" class=\"wp-image-1200 alignleft\" src=\"https:\/\/dif.villadealvarez.gob.mx\/noticias\/wp-content\/uploads\/2023\/03\/SIPINNA2.1-300x261.png\" alt=\"\" width=\"155\" height=\"136\" srcset=\"https:\/\/dif.villadealvarez.gob.mx\/noticias\/wp-content\/uploads\/2023\/03\/SIPINNA2.1-300x261.png 300w, https:\/\/dif.villadealvarez.gob.mx\/noticias\/wp-content\/uploads\/2023\/03\/SIPINNA2.1-1024x892.png 1024w, https:\/\/dif.villadealvarez.gob.mx\/noticias\/wp-content\/uploads\/2023\/03\/SIPINNA2.1-768x669.png 768w, https:\/\/dif.villadealvarez.gob.mx\/noticias\/wp-content\/uploads\/2023\/03\/SIPINNA2.1.png 1168w\" sizes=\"(max-width: 155px) 100vw, 155px\" \/><\/p>\n<h1><\/h1>\n<h1 style=\"text-align: center;\"><strong><span style=\"color: #999999;\">SISTEMA MUNICIPAL DE PROTECCI\u00d3N A NI\u00d1AS, NI\u00d1OS Y <\/span><\/strong><strong><span style=\"color: #999999;\">ADOLESCENTES VILLA DE \u00c1LVAREZ<\/span><\/strong><\/h1>\n<p>&nbsp;<\/p>\n<p>&nbsp;<\/p>\n<p>&nbsp;<\/p>\n<p>&nbsp;<\/p>\n<p style=\"text-align: center;\"><a href=\"https:\/\/dif.villadealvarez.gob.mx\/noticias\/derechos-de-las-ninas-y-ninos\/\"><img loading=\"lazy\" class=\"alignnone size-medium wp-image-1208\" src=\"https:\/\/dif.villadealvarez.gob.mx\/noticias\/wp-content\/uploads\/2023\/03\/monitos-221x300.png\" alt=\"\" width=\"221\" height=\"300\" srcset=\"https:\/\/dif.villadealvarez.gob.mx\/noticias\/wp-content\/uploads\/2023\/03\/monitos-221x300.png 221w, https:\/\/dif.villadealvarez.gob.mx\/noticias\/wp-content\/uploads\/2023\/03\/monitos.png 482w\" sizes=\"(max-width: 221px) 100vw, 221px\" \/><\/a> \u00a0\u00a0 \u00a0<a href=\"https:\/\/dif.villadealvarez.gob.mx\/noticias\/wp-content\/uploads\/2023\/03\/CONVOVATORIA.pdf\"><img loading=\"lazy\" class=\"alignnone size-medium wp-image-1289\" src=\"https:\/\/dif.villadealvarez.gob.mx\/noticias\/wp-content\/uploads\/2023\/03\/convocatoria-221x300.png\" alt=\"\" width=\"221\" height=\"300\" srcset=\"https:\/\/dif.villadealvarez.gob.mx\/noticias\/wp-content\/uploads\/2023\/03\/convocatoria-221x300.png 221w, https:\/\/dif.villadealvarez.gob.mx\/noticias\/wp-content\/uploads\/2023\/03\/convocatoria-753x1024.png 753w, https:\/\/dif.villadealvarez.gob.mx\/noticias\/wp-content\/uploads\/2023\/03\/convocatoria-768x1044.png 768w, https:\/\/dif.villadealvarez.gob.mx\/noticias\/wp-content\/uploads\/2023\/03\/convocatoria-1130x1536.png 1130w, https:\/\/dif.villadealvarez.gob.mx\/noticias\/wp-content\/uploads\/2023\/03\/convocatoria-1506x2048.png 1506w, https:\/\/dif.villadealvarez.gob.mx\/noticias\/wp-content\/uploads\/2023\/03\/convocatoria.png 2001w\" sizes=\"(max-width: 221px) 100vw, 221px\" \/><\/a> \u00a0\u00a0\u00a0 <a href=\"https:\/\/dif.villadealvarez.gob.mx\/noticias\/wp-content\/uploads\/2023\/03\/Convenio.pdf\"><img loading=\"lazy\" class=\"alignnone size-medium wp-image-1292\" src=\"https:\/\/dif.villadealvarez.gob.mx\/noticias\/wp-content\/uploads\/2023\/03\/convenio-219x300.png\" alt=\"\" width=\"219\" height=\"300\" srcset=\"https:\/\/dif.villadealvarez.gob.mx\/noticias\/wp-content\/uploads\/2023\/03\/convenio-219x300.png 219w, https:\/\/dif.villadealvarez.gob.mx\/noticias\/wp-content\/uploads\/2023\/03\/convenio-747x1024.png 747w, https:\/\/dif.villadealvarez.gob.mx\/noticias\/wp-content\/uploads\/2023\/03\/convenio-768x1053.png 768w, https:\/\/dif.villadealvarez.gob.mx\/noticias\/wp-content\/uploads\/2023\/03\/convenio-1120x1536.png 1120w, https:\/\/dif.villadealvarez.gob.mx\/noticias\/wp-content\/uploads\/2023\/03\/convenio-1493x2048.png 1493w, https:\/\/dif.villadealvarez.gob.mx\/noticias\/wp-content\/uploads\/2023\/03\/convenio.png 2001w\" sizes=\"(max-width: 219px) 100vw, 219px\" \/><\/a><\/p>\n<p style=\"text-align: center;\">________________________________________________________________________________________________________________________<\/p>\n<p>&nbsp;<\/p>\n<h3 style=\"text-align: center;\"><span style=\"color: #800080;\"><strong>MATERIAL INFORMATIVO<br \/>\n<\/strong><\/span><\/h3>\n<p>&nbsp;<\/p>\n<p>&nbsp;<\/p>\n<ul>\n<li><a href=\"https:\/\/dif.villadealvarez.gob.mx\/noticias\/wp-content\/uploads\/2024\/07\/Infografia-Conocimiento-y-Modernidad-Ilustrado-Azul-Naranja.pdf\"><img loading=\"lazy\" class=\"\" src=\"https:\/\/dif.villadealvarez.gob.mx\/noticias\/wp-content\/uploads\/2022\/08\/document.png\" width=\"58\" height=\"58\" \/><\/a>Infograf\u00eda Conocimiento Derechos de los NNA(Ni\u00f1as, Ni\u00f1os y Adolescentes)<\/li>\n<\/ul>\n<p>&nbsp;<\/p>\n<p>&nbsp;<\/p>\n<p>&nbsp;<\/p>\n<p>&nbsp;<\/p>\n<p>&nbsp;<\/p>\n<p>&nbsp;<\/p>\n<p>&nbsp;<\/p>\n<p>&nbsp;<\/p>\n<p>&nbsp;<\/p>\n<p>&nbsp;<\/p>\n<p>&nbsp;<\/p>\n<p>&nbsp;<\/p>\n<p>&nbsp;<\/p>\n<p>&nbsp;<\/p>\n<p>&nbsp;<\/p>\n<p>&nbsp;<\/p>\n<p>&nbsp;<\/p>\n<p>&nbsp;<\/p>\n<p>&nbsp;<\/p>\n<p>&nbsp;<\/p>\n<p>&nbsp;<\/p>\n<p>&nbsp;<\/p>\n<p>&nbsp;<\/p>\n<p>&nbsp;<\/p>\n<p>&nbsp;<\/p>\n<p style=\"text-align: center;\"><strong>Tel:<\/strong> <span style=\"color: #000000;\">01 (312) 316 27 00<\/span>\u00a0\u00a0\u00a0\u00a0\u00a0\u00a0\u00a0\u00a0\u00a0\u00a0\u00a0 <strong><span style=\"color: #000000;\">Extensi\u00f3n:<\/span><\/strong> 1230\u00a0\u00a0\u00a0\u00a0\u00a0\u00a0\u00a0\u00a0\u00a0\u00a0\u00a0\u00a0\u00a0\u00a0\u00a0\u00a0\u00a0\u00a0\u00a0\u00a0\u00a0\u00a0\u00a0\u00a0\u00a0\u00a0\u00a0\u00a0\u00a0\u00a0\u00a0\u00a0\u00a0\u00a0\u00a0\u00a0\u00a0\u00a0\u00a0\u00a0\u00a0\u00a0\u00a0\u00a0\u00a0\u00a0\u00a0 <strong>Email:<\/strong> sipinnamunicipalvda@gmail.com<\/p>\n<p>&nbsp;<\/p>\n","protected":false},"excerpt":{"rendered":"<p>SISTEMA MUNICIPAL DE PROTECCI\u00d3N A NI\u00d1AS, NI\u00d1OS Y ADOLESCENTES VILLA DE \u00c1LVAREZ &nbsp; &nbsp; &nbsp; &nbsp; \u00a0\u00a0 \u00a0 \u00a0\u00a0\u00a0 ________________________________________________________________________________________________________________________ &nbsp; MATERIAL INFORMATIVO &nbsp; &nbsp; Infograf\u00eda Conocimiento Derechos de los NNA(Ni\u00f1as, Ni\u00f1os y Adolescentes) &nbsp; &nbsp; &nbsp; &nbsp; &nbsp; &nbsp; &nbsp; &nbsp; &nbsp; &nbsp; &nbsp; &nbsp; &nbsp; &nbsp; &nbsp; &nbsp; &nbsp; &nbsp; &nbsp; &nbsp; &nbsp;&hellip;<\/p>\n","protected":false},"author":2,"featured_media":0,"parent":0,"menu_order":0,"comment_status":"closed","ping_status":"closed","template":"","meta":[],"_links":{"self":[{"href":"https:\/\/dif.villadealvarez.gob.mx\/noticias\/wp-json\/wp\/v2\/pages\/1160"}],"collection":[{"href":"https:\/\/dif.villadealvarez.gob.mx\/noticias\/wp-json\/wp\/v2\/pages"}],"about":[{"href":"https:\/\/dif.villadealvarez.gob.mx\/noticias\/wp-json\/wp\/v2\/types\/page"}],"author":[{"embeddable":true,"href":"https:\/\/dif.villadealvarez.gob.mx\/noticias\/wp-json\/wp\/v2\/users\/2"}],"replies":[{"embeddable":true,"href":"https:\/\/dif.villadealvarez.gob.mx\/noticias\/wp-json\/wp\/v2\/comments?post=1160"}],"version-history":[{"count":24,"href":"https:\/\/dif.villadealvarez.gob.mx\/noticias\/wp-json\/wp\/v2\/pages\/1160\/revisions"}],"predecessor-version":[{"id":1970,"href":"https:\/\/dif.villadealvarez.gob.mx\/noticias\/wp-json\/wp\/v2\/pages\/1160\/revisions\/1970"}],"wp:attachment":[{"href":"https:\/\/dif.villadealvarez.gob.mx\/noticias\/wp-json\/wp\/v2\/media?parent=1160"}],"curies":[{"name":"wp","href":"https:\/\/api.w.org\/{rel}","templated":true}]}}