{"id":170,"date":"2022-08-09T16:21:41","date_gmt":"2022-08-09T16:21:41","guid":{"rendered":"https:\/\/dif.villadealvarez.gob.mx\/noticias\/?page_id=170"},"modified":"2026-01-29T18:24:09","modified_gmt":"2026-01-29T18:24:09","slug":"fraccion-x","status":"publish","type":"page","link":"https:\/\/dif.villadealvarez.gob.mx\/noticias\/fraccion-x\/","title":{"rendered":"Fracci\u00f3n X"},"content":{"rendered":"<p><span style=\"color: #800080;\"><strong>Fracci\u00f3n X:<\/strong><\/span><\/p>\n<p>Los gastos de representaci\u00f3n y vi\u00e1ticos, as\u00ed como el objeto e informe de comisi\u00f3n correspondiente.<\/p>\n<p>&nbsp;<\/p>\n<ul>\n<li><strong>2022<\/strong><\/li>\n<\/ul>\n<table style=\"height: 74px;\" width=\"824\">\n<tbody>\n<tr style=\"background-color: pink;\">\n<td style=\"text-align: center;\">1er Trimestre<\/td>\n<td style=\"text-align: center;\">2do Trimestre<\/td>\n<td style=\"text-align: center;\">3er Trimestre<\/td>\n<td style=\"text-align: center;\">4to Trimestre<\/td>\n<\/tr>\n<tr>\n<td style=\"text-align: center;\"><a href=\"https:\/\/dif.villadealvarez.gob.mx\/noticias\/wp-content\/uploads\/2022\/08\/OFICIO-FRACCION-X-1ER.pdf\"><img loading=\"lazy\" class=\"alignnone wp-image-54\" src=\"https:\/\/dif.villadealvarez.gob.mx\/noticias\/wp-content\/uploads\/2022\/08\/document-300x300.png\" alt=\"\" width=\"38\" height=\"38\" srcset=\"https:\/\/dif.villadealvarez.gob.mx\/noticias\/wp-content\/uploads\/2022\/08\/document-300x300.png 300w, https:\/\/dif.villadealvarez.gob.mx\/noticias\/wp-content\/uploads\/2022\/08\/document-150x150.png 150w, https:\/\/dif.villadealvarez.gob.mx\/noticias\/wp-content\/uploads\/2022\/08\/document.png 512w\" sizes=\"(max-width: 38px) 100vw, 38px\" \/><\/a><\/td>\n<td style=\"text-align: center;\"><a href=\"https:\/\/dif.villadealvarez.gob.mx\/noticias\/wp-content\/uploads\/2022\/08\/OFICIO-FRACCION-X-2DO.pdf\"><img loading=\"lazy\" class=\"alignnone wp-image-54\" src=\"https:\/\/dif.villadealvarez.gob.mx\/noticias\/wp-content\/uploads\/2022\/08\/document-300x300.png\" alt=\"\" width=\"38\" height=\"38\" srcset=\"https:\/\/dif.villadealvarez.gob.mx\/noticias\/wp-content\/uploads\/2022\/08\/document-300x300.png 300w, https:\/\/dif.villadealvarez.gob.mx\/noticias\/wp-content\/uploads\/2022\/08\/document-150x150.png 150w, https:\/\/dif.villadealvarez.gob.mx\/noticias\/wp-content\/uploads\/2022\/08\/document.png 512w\" sizes=\"(max-width: 38px) 100vw, 38px\" \/><\/a><\/td>\n<td style=\"text-align: center;\"><a href=\"https:\/\/dif.villadealvarez.gob.mx\/noticias\/wp-content\/uploads\/2022\/10\/doc00711520221019123358.pdf\"><img loading=\"lazy\" class=\"alignnone wp-image-54\" src=\"https:\/\/dif.villadealvarez.gob.mx\/noticias\/wp-content\/uploads\/2022\/08\/document-300x300.png\" alt=\"\" width=\"38\" height=\"38\" srcset=\"https:\/\/dif.villadealvarez.gob.mx\/noticias\/wp-content\/uploads\/2022\/08\/document-300x300.png 300w, https:\/\/dif.villadealvarez.gob.mx\/noticias\/wp-content\/uploads\/2022\/08\/document-150x150.png 150w, https:\/\/dif.villadealvarez.gob.mx\/noticias\/wp-content\/uploads\/2022\/08\/document.png 512w\" sizes=\"(max-width: 38px) 100vw, 38px\" \/><\/a><\/td>\n<td style=\"text-align: center;\"><a href=\"https:\/\/dif.villadealvarez.gob.mx\/noticias\/wp-content\/uploads\/2023\/03\/4TO-TRIMESTRE.pdf\"><img loading=\"lazy\" class=\"alignnone wp-image-54\" src=\"https:\/\/dif.villadealvarez.gob.mx\/noticias\/wp-content\/uploads\/2022\/08\/document-300x300.png\" alt=\"\" width=\"38\" height=\"38\" srcset=\"https:\/\/dif.villadealvarez.gob.mx\/noticias\/wp-content\/uploads\/2022\/08\/document-300x300.png 300w, https:\/\/dif.villadealvarez.gob.mx\/noticias\/wp-content\/uploads\/2022\/08\/document-150x150.png 150w, https:\/\/dif.villadealvarez.gob.mx\/noticias\/wp-content\/uploads\/2022\/08\/document.png 512w\" sizes=\"(max-width: 38px) 100vw, 38px\" \/><\/a><\/td>\n<\/tr>\n<\/tbody>\n<\/table>\n<ul>\n<li><strong>2023<\/strong><\/li>\n<\/ul>\n<table style=\"height: 74px;\" width=\"824\">\n<tbody>\n<tr style=\"background-color: pink;\">\n<td style=\"text-align: center;\">1er Trimestre<\/td>\n<td style=\"text-align: center;\">2do Trimestre<\/td>\n<td style=\"text-align: center;\">3er Trimestre<\/td>\n<td style=\"text-align: center;\">4to Trimestre<\/td>\n<\/tr>\n<tr>\n<td style=\"text-align: center;\"><a href=\"https:\/\/dif.villadealvarez.gob.mx\/noticias\/wp-content\/uploads\/2023\/06\/oficio-viaticos-ene-mar.pdf\"><img loading=\"lazy\" class=\"alignnone wp-image-54\" src=\"https:\/\/dif.villadealvarez.gob.mx\/noticias\/wp-content\/uploads\/2022\/08\/document-300x300.png\" alt=\"\" width=\"38\" height=\"38\" srcset=\"https:\/\/dif.villadealvarez.gob.mx\/noticias\/wp-content\/uploads\/2022\/08\/document-300x300.png 300w, https:\/\/dif.villadealvarez.gob.mx\/noticias\/wp-content\/uploads\/2022\/08\/document-150x150.png 150w, https:\/\/dif.villadealvarez.gob.mx\/noticias\/wp-content\/uploads\/2022\/08\/document.png 512w\" sizes=\"(max-width: 38px) 100vw, 38px\" \/><\/a><\/td>\n<td style=\"text-align: center;\"><a href=\"https:\/\/dif.villadealvarez.gob.mx\/noticias\/wp-content\/uploads\/2024\/06\/fraccion-X-2do-2023.pdf\"><img loading=\"lazy\" class=\"alignnone wp-image-54\" src=\"https:\/\/dif.villadealvarez.gob.mx\/noticias\/wp-content\/uploads\/2022\/08\/document-300x300.png\" alt=\"\" width=\"38\" height=\"38\" srcset=\"https:\/\/dif.villadealvarez.gob.mx\/noticias\/wp-content\/uploads\/2022\/08\/document-300x300.png 300w, https:\/\/dif.villadealvarez.gob.mx\/noticias\/wp-content\/uploads\/2022\/08\/document-150x150.png 150w, https:\/\/dif.villadealvarez.gob.mx\/noticias\/wp-content\/uploads\/2022\/08\/document.png 512w\" sizes=\"(max-width: 38px) 100vw, 38px\" \/><\/a><\/td>\n<td style=\"text-align: center;\"><a href=\"https:\/\/dif.villadealvarez.gob.mx\/noticias\/wp-content\/uploads\/2024\/06\/fraccion-X-3ro-2023.pdf\"><img loading=\"lazy\" class=\"alignnone wp-image-54\" src=\"https:\/\/dif.villadealvarez.gob.mx\/noticias\/wp-content\/uploads\/2022\/08\/document-300x300.png\" alt=\"\" width=\"38\" height=\"38\" srcset=\"https:\/\/dif.villadealvarez.gob.mx\/noticias\/wp-content\/uploads\/2022\/08\/document-300x300.png 300w, https:\/\/dif.villadealvarez.gob.mx\/noticias\/wp-content\/uploads\/2022\/08\/document-150x150.png 150w, https:\/\/dif.villadealvarez.gob.mx\/noticias\/wp-content\/uploads\/2022\/08\/document.png 512w\" sizes=\"(max-width: 38px) 100vw, 38px\" \/><\/a><\/td>\n<td style=\"text-align: center;\"><a href=\"https:\/\/dif.villadealvarez.gob.mx\/noticias\/wp-content\/uploads\/2024\/06\/fraccion-X-4to-2023.pdf\"><img loading=\"lazy\" class=\"alignnone wp-image-54\" src=\"https:\/\/dif.villadealvarez.gob.mx\/noticias\/wp-content\/uploads\/2022\/08\/document-300x300.png\" alt=\"\" width=\"38\" height=\"38\" srcset=\"https:\/\/dif.villadealvarez.gob.mx\/noticias\/wp-content\/uploads\/2022\/08\/document-300x300.png 300w, https:\/\/dif.villadealvarez.gob.mx\/noticias\/wp-content\/uploads\/2022\/08\/document-150x150.png 150w, https:\/\/dif.villadealvarez.gob.mx\/noticias\/wp-content\/uploads\/2022\/08\/document.png 512w\" sizes=\"(max-width: 38px) 100vw, 38px\" \/><\/a><\/td>\n<\/tr>\n<\/tbody>\n<\/table>\n<ul>\n<li><strong>2024<\/strong><\/li>\n<\/ul>\n<table style=\"height: 74px;\" width=\"824\">\n<tbody>\n<tr style=\"background-color: pink;\">\n<td style=\"text-align: center;\">1er Trimestre<\/td>\n<td style=\"text-align: center;\">2do Trimestre<\/td>\n<td style=\"text-align: center;\">3er Trimestre<\/td>\n<td style=\"text-align: center;\">4to Trimestre<\/td>\n<\/tr>\n<tr>\n<td style=\"text-align: center;\"><a href=\"https:\/\/dif.villadealvarez.gob.mx\/noticias\/wp-content\/uploads\/2024\/06\/fraccion-XIV-1ro-2024.pdf\"><img loading=\"lazy\" class=\"alignnone wp-image-54\" src=\"https:\/\/dif.villadealvarez.gob.mx\/noticias\/wp-content\/uploads\/2022\/08\/document-300x300.png\" alt=\"\" width=\"38\" height=\"38\" srcset=\"https:\/\/dif.villadealvarez.gob.mx\/noticias\/wp-content\/uploads\/2022\/08\/document-300x300.png 300w, https:\/\/dif.villadealvarez.gob.mx\/noticias\/wp-content\/uploads\/2022\/08\/document-150x150.png 150w, https:\/\/dif.villadealvarez.gob.mx\/noticias\/wp-content\/uploads\/2022\/08\/document.png 512w\" sizes=\"(max-width: 38px) 100vw, 38px\" \/><\/a><\/td>\n<td style=\"text-align: center;\"><a href=\"https:\/\/dif.villadealvarez.gob.mx\/noticias\/wp-content\/uploads\/2024\/09\/fraccion-X-2do-2024.pdf\"><img loading=\"lazy\" class=\"alignnone wp-image-54\" src=\"https:\/\/dif.villadealvarez.gob.mx\/noticias\/wp-content\/uploads\/2022\/08\/document-300x300.png\" alt=\"\" width=\"38\" height=\"38\" srcset=\"https:\/\/dif.villadealvarez.gob.mx\/noticias\/wp-content\/uploads\/2022\/08\/document-300x300.png 300w, https:\/\/dif.villadealvarez.gob.mx\/noticias\/wp-content\/uploads\/2022\/08\/document-150x150.png 150w, https:\/\/dif.villadealvarez.gob.mx\/noticias\/wp-content\/uploads\/2022\/08\/document.png 512w\" sizes=\"(max-width: 38px) 100vw, 38px\" \/><\/a><\/td>\n<td style=\"text-align: center;\"><a href=\"https:\/\/dif.villadealvarez.gob.mx\/noticias\/wp-content\/uploads\/2025\/06\/FRACC-X-3ER-TRIM-2024.pdf\"><img loading=\"lazy\" class=\"alignnone wp-image-54\" src=\"https:\/\/dif.villadealvarez.gob.mx\/noticias\/wp-content\/uploads\/2022\/08\/document-300x300.png\" alt=\"\" width=\"38\" height=\"38\" srcset=\"https:\/\/dif.villadealvarez.gob.mx\/noticias\/wp-content\/uploads\/2022\/08\/document-300x300.png 300w, https:\/\/dif.villadealvarez.gob.mx\/noticias\/wp-content\/uploads\/2022\/08\/document-150x150.png 150w, https:\/\/dif.villadealvarez.gob.mx\/noticias\/wp-content\/uploads\/2022\/08\/document.png 512w\" sizes=\"(max-width: 38px) 100vw, 38px\" \/><\/a><\/td>\n<td style=\"text-align: center;\"><a href=\"https:\/\/dif.villadealvarez.gob.mx\/noticias\/wp-content\/uploads\/2025\/06\/FRACC-X-4\u00b0-TRIM-2024.pdf\"><img loading=\"lazy\" class=\"alignnone wp-image-54\" src=\"https:\/\/dif.villadealvarez.gob.mx\/noticias\/wp-content\/uploads\/2022\/08\/document-300x300.png\" alt=\"\" width=\"38\" height=\"38\" srcset=\"https:\/\/dif.villadealvarez.gob.mx\/noticias\/wp-content\/uploads\/2022\/08\/document-300x300.png 300w, https:\/\/dif.villadealvarez.gob.mx\/noticias\/wp-content\/uploads\/2022\/08\/document-150x150.png 150w, https:\/\/dif.villadealvarez.gob.mx\/noticias\/wp-content\/uploads\/2022\/08\/document.png 512w\" sizes=\"(max-width: 38px) 100vw, 38px\" \/><\/a><\/td>\n<\/tr>\n<\/tbody>\n<\/table>\n<p>&nbsp;<\/p>\n<ul>\n<li><strong>2025<\/strong><\/li>\n<\/ul>\n<table style=\"height: 74px;\" width=\"824\">\n<tbody>\n<tr style=\"background-color: pink;\">\n<td style=\"text-align: center;\">1er Trimestre<\/td>\n<td style=\"text-align: center;\">2do Trimestre<\/td>\n<td style=\"text-align: center;\">3er Trimestre<\/td>\n<td style=\"text-align: center;\">4to Trimestre<\/td>\n<\/tr>\n<tr>\n<td style=\"text-align: center;\"><a href=\"https:\/\/dif.villadealvarez.gob.mx\/noticias\/wp-content\/uploads\/2025\/06\/FRACC-X-1ER-TRIM-2025.pdf\"><img loading=\"lazy\" class=\"alignnone wp-image-54\" src=\"https:\/\/dif.villadealvarez.gob.mx\/noticias\/wp-content\/uploads\/2022\/08\/document-300x300.png\" alt=\"\" width=\"38\" height=\"38\" srcset=\"https:\/\/dif.villadealvarez.gob.mx\/noticias\/wp-content\/uploads\/2022\/08\/document-300x300.png 300w, https:\/\/dif.villadealvarez.gob.mx\/noticias\/wp-content\/uploads\/2022\/08\/document-150x150.png 150w, https:\/\/dif.villadealvarez.gob.mx\/noticias\/wp-content\/uploads\/2022\/08\/document.png 512w\" sizes=\"(max-width: 38px) 100vw, 38px\" \/><\/a><\/td>\n<td style=\"text-align: center;\"><a href=\"https:\/\/dif.villadealvarez.gob.mx\/noticias\/wp-content\/uploads\/2025\/08\/FRACC-X-2\u00b0-TRIM-2025.pdf\"><img loading=\"lazy\" class=\"alignnone wp-image-54\" src=\"https:\/\/dif.villadealvarez.gob.mx\/noticias\/wp-content\/uploads\/2022\/08\/document-300x300.png\" alt=\"\" width=\"38\" height=\"38\" srcset=\"https:\/\/dif.villadealvarez.gob.mx\/noticias\/wp-content\/uploads\/2022\/08\/document-300x300.png 300w, https:\/\/dif.villadealvarez.gob.mx\/noticias\/wp-content\/uploads\/2022\/08\/document-150x150.png 150w, https:\/\/dif.villadealvarez.gob.mx\/noticias\/wp-content\/uploads\/2022\/08\/document.png 512w\" sizes=\"(max-width: 38px) 100vw, 38px\" \/><\/a><\/td>\n<td style=\"text-align: center;\"><a href=\"https:\/\/dif.villadealvarez.gob.mx\/noticias\/wp-content\/uploads\/2025\/10\/FRACC-X.pdf\"><img loading=\"lazy\" class=\"alignnone wp-image-54\" src=\"https:\/\/dif.villadealvarez.gob.mx\/noticias\/wp-content\/uploads\/2022\/08\/document-300x300.png\" alt=\"\" width=\"38\" height=\"38\" srcset=\"https:\/\/dif.villadealvarez.gob.mx\/noticias\/wp-content\/uploads\/2022\/08\/document-300x300.png 300w, https:\/\/dif.villadealvarez.gob.mx\/noticias\/wp-content\/uploads\/2022\/08\/document-150x150.png 150w, https:\/\/dif.villadealvarez.gob.mx\/noticias\/wp-content\/uploads\/2022\/08\/document.png 512w\" sizes=\"(max-width: 38px) 100vw, 38px\" \/><\/a><\/td>\n<td style=\"text-align: center;\"><a href=\"https:\/\/dif.villadealvarez.gob.mx\/noticias\/wp-content\/uploads\/2026\/01\/FRACC-X-4\u00b0-TRIM.pdf\"><img loading=\"lazy\" class=\"alignnone wp-image-54\" src=\"https:\/\/dif.villadealvarez.gob.mx\/noticias\/wp-content\/uploads\/2022\/08\/document-300x300.png\" alt=\"\" width=\"38\" height=\"38\" srcset=\"https:\/\/dif.villadealvarez.gob.mx\/noticias\/wp-content\/uploads\/2022\/08\/document-300x300.png 300w, https:\/\/dif.villadealvarez.gob.mx\/noticias\/wp-content\/uploads\/2022\/08\/document-150x150.png 150w, https:\/\/dif.villadealvarez.gob.mx\/noticias\/wp-content\/uploads\/2022\/08\/document.png 512w\" sizes=\"(max-width: 38px) 100vw, 38px\" \/><\/a><\/td>\n<\/tr>\n<\/tbody>\n<\/table>\n<p>&nbsp;<\/p>\n<ul>\n<li><strong>2026<\/strong><\/li>\n<\/ul>\n<table style=\"height: 74px;\" width=\"824\">\n<tbody>\n<tr style=\"background-color: pink;\">\n<td style=\"text-align: center;\">1er Trimestre<\/td>\n<td style=\"text-align: center;\">2do Trimestre<\/td>\n<td style=\"text-align: center;\">3er Trimestre<\/td>\n<td style=\"text-align: center;\">4to Trimestre<\/td>\n<\/tr>\n<tr>\n<td style=\"text-align: center;\"><\/td>\n<td style=\"text-align: center;\"><\/td>\n<td style=\"text-align: center;\"><\/td>\n<td style=\"text-align: center;\"><\/td>\n<\/tr>\n<\/tbody>\n<\/table>\n<p>&nbsp;<\/p>\n<p>&nbsp;<\/p>\n<p>&nbsp;<\/p>\n<p>&nbsp;<\/p>\n<p>&nbsp;<\/p>\n<p>&nbsp;<\/p>\n","protected":false},"excerpt":{"rendered":"<p>Fracci\u00f3n X: Los gastos de representaci\u00f3n y vi\u00e1ticos, as\u00ed como el objeto e informe de comisi\u00f3n correspondiente. &nbsp; 2022 1er Trimestre 2do Trimestre 3er Trimestre 4to Trimestre 2023 1er Trimestre 2do Trimestre 3er Trimestre 4to Trimestre 2024 1er Trimestre 2do Trimestre 3er Trimestre 4to Trimestre &nbsp; 2025 1er Trimestre 2do Trimestre 3er Trimestre 4to Trimestre&hellip;<\/p>\n","protected":false},"author":2,"featured_media":0,"parent":0,"menu_order":0,"comment_status":"closed","ping_status":"closed","template":"","meta":[],"_links":{"self":[{"href":"https:\/\/dif.villadealvarez.gob.mx\/noticias\/wp-json\/wp\/v2\/pages\/170"}],"collection":[{"href":"https:\/\/dif.villadealvarez.gob.mx\/noticias\/wp-json\/wp\/v2\/pages"}],"about":[{"href":"https:\/\/dif.villadealvarez.gob.mx\/noticias\/wp-json\/wp\/v2\/types\/page"}],"author":[{"embeddable":true,"href":"https:\/\/dif.villadealvarez.gob.mx\/noticias\/wp-json\/wp\/v2\/users\/2"}],"replies":[{"embeddable":true,"href":"https:\/\/dif.villadealvarez.gob.mx\/noticias\/wp-json\/wp\/v2\/comments?post=170"}],"version-history":[{"count":20,"href":"https:\/\/dif.villadealvarez.gob.mx\/noticias\/wp-json\/wp\/v2\/pages\/170\/revisions"}],"predecessor-version":[{"id":4257,"href":"https:\/\/dif.villadealvarez.gob.mx\/noticias\/wp-json\/wp\/v2\/pages\/170\/revisions\/4257"}],"wp:attachment":[{"href":"https:\/\/dif.villadealvarez.gob.mx\/noticias\/wp-json\/wp\/v2\/media?parent=170"}],"curies":[{"name":"wp","href":"https:\/\/api.w.org\/{rel}","templated":true}]}}