{"id":1722,"date":"2024-05-23T17:04:13","date_gmt":"2024-05-23T17:04:13","guid":{"rendered":"https:\/\/dif.villadealvarez.gob.mx\/noticias\/?page_id=1722"},"modified":"2025-09-25T18:27:33","modified_gmt":"2025-09-25T18:27:33","slug":"fraccion-ii","status":"publish","type":"page","link":"https:\/\/dif.villadealvarez.gob.mx\/noticias\/fraccion-ii\/","title":{"rendered":"FRACCION II"},"content":{"rendered":"<h4><span style=\"color: #800080;\"><strong>FRACCION II:<\/strong> <\/span><\/h4>\n<h4>Su estructura org\u00e1nica completa, en un formato que permita vincular cada parte de la estructura, los \u00f3rganos de consulta y apoyo, las atribuciones y responsabilidades que le corresponden a cada servidor p\u00fablico, prestador de servicios profesionales o miembro de los sujetos obligados, de conformidad con las disposiciones aplicables.<\/h4>\n<p>&nbsp;<\/p>\n<p>&nbsp;<\/p>\n<ul>\n<li>ORGANIGRAMA 2021-2024 <a href=\"https:\/\/dif.villadealvarez.gob.mx\/noticias\/wp-content\/uploads\/2024\/05\/ORGANIGRAMA-FUNCIONAL-2021-2024.pdf\"><img loading=\"lazy\" class=\"alignnone wp-image-54\" src=\"https:\/\/dif.villadealvarez.gob.mx\/noticias\/wp-content\/uploads\/2022\/08\/document-300x300.png\" alt=\"\" width=\"64\" height=\"64\" srcset=\"https:\/\/dif.villadealvarez.gob.mx\/noticias\/wp-content\/uploads\/2022\/08\/document-300x300.png 300w, https:\/\/dif.villadealvarez.gob.mx\/noticias\/wp-content\/uploads\/2022\/08\/document-150x150.png 150w, https:\/\/dif.villadealvarez.gob.mx\/noticias\/wp-content\/uploads\/2022\/08\/document.png 512w\" sizes=\"(max-width: 64px) 100vw, 64px\" \/><\/a><\/li>\n<li>ORGANIGRAMA 2024-2027 <a href=\"https:\/\/dif.villadealvarez.gob.mx\/noticias\/wp-content\/uploads\/2025\/09\/ORGANIGRAMA-FUNCIONAL-2021-2027.pdf\"><img loading=\"lazy\" class=\"alignnone wp-image-54\" src=\"https:\/\/dif.villadealvarez.gob.mx\/noticias\/wp-content\/uploads\/2022\/08\/document-300x300.png\" alt=\"\" width=\"64\" height=\"64\" srcset=\"https:\/\/dif.villadealvarez.gob.mx\/noticias\/wp-content\/uploads\/2022\/08\/document-300x300.png 300w, https:\/\/dif.villadealvarez.gob.mx\/noticias\/wp-content\/uploads\/2022\/08\/document-150x150.png 150w, https:\/\/dif.villadealvarez.gob.mx\/noticias\/wp-content\/uploads\/2022\/08\/document.png 512w\" sizes=\"(max-width: 64px) 100vw, 64px\" \/><\/a><\/li>\n<\/ul>\n<p>&nbsp;<\/p>\n<p>&nbsp;<\/p>\n<p>&nbsp;<\/p>\n<p>&nbsp;<\/p>\n<p>&nbsp;<\/p>\n<p>&nbsp;<\/p>\n<p>&nbsp;<\/p>\n<p>&nbsp;<\/p>\n<p>&nbsp;<\/p>\n<p>&nbsp;<\/p>\n<p>&nbsp;<\/p>\n<p>&nbsp;<\/p>\n<p>&nbsp;<\/p>\n<p>&nbsp;<\/p>\n<p>&nbsp;<\/p>\n<p>&nbsp;<\/p>\n<p>&nbsp;<\/p>\n<p>&nbsp;<\/p>\n<p>&nbsp;<\/p>\n<p>&nbsp;<\/p>\n<p>&nbsp;<\/p>\n<p>&nbsp;<\/p>\n<p>&nbsp;<\/p>\n<p>&nbsp;<\/p>\n<p>&nbsp;<\/p>\n<p>&nbsp;<\/p>\n<p>&nbsp;<\/p>\n<p>&nbsp;<\/p>\n<p>&nbsp;<\/p>\n<p>&nbsp;<\/p>\n<p>&nbsp;<\/p>\n<p>&nbsp;<\/p>\n<p>&nbsp;<\/p>\n<p>&nbsp;<\/p>\n","protected":false},"excerpt":{"rendered":"<p>FRACCION II: Su estructura org\u00e1nica completa, en un formato que permita vincular cada parte de la estructura, los \u00f3rganos de consulta y apoyo, las atribuciones y responsabilidades que le corresponden a cada servidor p\u00fablico, prestador de servicios profesionales o miembro de los sujetos obligados, de conformidad con las disposiciones aplicables. &nbsp; &nbsp; ORGANIGRAMA 2021-2024 ORGANIGRAMA&hellip;<\/p>\n","protected":false},"author":2,"featured_media":0,"parent":0,"menu_order":0,"comment_status":"closed","ping_status":"closed","template":"","meta":[],"_links":{"self":[{"href":"https:\/\/dif.villadealvarez.gob.mx\/noticias\/wp-json\/wp\/v2\/pages\/1722"}],"collection":[{"href":"https:\/\/dif.villadealvarez.gob.mx\/noticias\/wp-json\/wp\/v2\/pages"}],"about":[{"href":"https:\/\/dif.villadealvarez.gob.mx\/noticias\/wp-json\/wp\/v2\/types\/page"}],"author":[{"embeddable":true,"href":"https:\/\/dif.villadealvarez.gob.mx\/noticias\/wp-json\/wp\/v2\/users\/2"}],"replies":[{"embeddable":true,"href":"https:\/\/dif.villadealvarez.gob.mx\/noticias\/wp-json\/wp\/v2\/comments?post=1722"}],"version-history":[{"count":5,"href":"https:\/\/dif.villadealvarez.gob.mx\/noticias\/wp-json\/wp\/v2\/pages\/1722\/revisions"}],"predecessor-version":[{"id":3763,"href":"https:\/\/dif.villadealvarez.gob.mx\/noticias\/wp-json\/wp\/v2\/pages\/1722\/revisions\/3763"}],"wp:attachment":[{"href":"https:\/\/dif.villadealvarez.gob.mx\/noticias\/wp-json\/wp\/v2\/media?parent=1722"}],"curies":[{"name":"wp","href":"https:\/\/api.w.org\/{rel}","templated":true}]}}