{"id":1852,"date":"2024-07-02T18:09:49","date_gmt":"2024-07-02T18:09:49","guid":{"rendered":"https:\/\/dif.villadealvarez.gob.mx\/noticias\/?page_id=1852"},"modified":"2026-02-17T17:43:29","modified_gmt":"2026-02-17T17:43:29","slug":"fraccion-vii","status":"publish","type":"page","link":"https:\/\/dif.villadealvarez.gob.mx\/noticias\/fraccion-vii\/","title":{"rendered":"Fracci\u00f3n VII"},"content":{"rendered":"<p><span style=\"color: #800080;\"><strong>Fracci\u00f3n VII:<\/strong><\/span><\/p>\n<p>El directorio de todos los servidores p\u00fablicos, incluyendo los que formen parte de los \u00f3rganos de consulta y apoyo, a partir del nivel de jefe de departamento o su equivalente, o de menor nivel, cuando se brinde atenci\u00f3n al p\u00fablico manejen o apliquen recursos p\u00fablicos realicen actos de autoridad o presten servicios profesionales bajo el r\u00e9gimen de confianza u honorarios y personal de base. El directorio deber\u00e1 incluir, al menos el nombre, cargo o nombramiento asignado.<\/p>\n<p style=\"text-align: center;\"><strong>2023<\/strong><\/p>\n<table style=\"height: 74px;\" width=\"824\">\n<tbody>\n<tr style=\"background-color: pink;\">\n<td style=\"text-align: center;\"><strong>1er Trimestre<\/strong><\/td>\n<td style=\"text-align: center;\"><strong>2do Trimestre<\/strong><\/td>\n<td style=\"text-align: center;\"><strong>3er Trimestre<\/strong><\/td>\n<td style=\"text-align: center;\"><strong>4to Trimestre<\/strong><\/td>\n<\/tr>\n<tr>\n<td style=\"text-align: center;\"><a href=\"https:\/\/dif.villadealvarez.gob.mx\/noticias\/wp-content\/uploads\/2024\/07\/FRCC.-XVII-DIRECTORIO-INTEGRAL-2021.pdf\"><img loading=\"lazy\" class=\"alignnone wp-image-54\" src=\"https:\/\/dif.villadealvarez.gob.mx\/noticias\/wp-content\/uploads\/2022\/08\/document-300x300.png\" alt=\"\" width=\"48\" height=\"48\" srcset=\"https:\/\/dif.villadealvarez.gob.mx\/noticias\/wp-content\/uploads\/2022\/08\/document-300x300.png 300w, https:\/\/dif.villadealvarez.gob.mx\/noticias\/wp-content\/uploads\/2022\/08\/document-150x150.png 150w, https:\/\/dif.villadealvarez.gob.mx\/noticias\/wp-content\/uploads\/2022\/08\/document.png 512w\" sizes=\"(max-width: 48px) 100vw, 48px\" \/><\/a><\/td>\n<td style=\"text-align: center;\"><a href=\"https:\/\/dif.villadealvarez.gob.mx\/noticias\/wp-content\/uploads\/2024\/07\/FRCC.-XVII-DIRECTORIO-INTEGRAL-2021.pdf\"><img loading=\"lazy\" class=\"alignnone wp-image-54\" src=\"https:\/\/dif.villadealvarez.gob.mx\/noticias\/wp-content\/uploads\/2022\/08\/document-300x300.png\" alt=\"\" width=\"48\" height=\"48\" srcset=\"https:\/\/dif.villadealvarez.gob.mx\/noticias\/wp-content\/uploads\/2022\/08\/document-300x300.png 300w, https:\/\/dif.villadealvarez.gob.mx\/noticias\/wp-content\/uploads\/2022\/08\/document-150x150.png 150w, https:\/\/dif.villadealvarez.gob.mx\/noticias\/wp-content\/uploads\/2022\/08\/document.png 512w\" sizes=\"(max-width: 48px) 100vw, 48px\" \/><\/a><\/td>\n<td style=\"text-align: center;\"><a href=\"https:\/\/dif.villadealvarez.gob.mx\/noticias\/wp-content\/uploads\/2024\/07\/FRCC.-XVII-DIRECTORIO-INTEGRAL-2021.pdf\"><img loading=\"lazy\" class=\"alignnone wp-image-54\" src=\"https:\/\/dif.villadealvarez.gob.mx\/noticias\/wp-content\/uploads\/2022\/08\/document-300x300.png\" alt=\"\" width=\"48\" height=\"48\" srcset=\"https:\/\/dif.villadealvarez.gob.mx\/noticias\/wp-content\/uploads\/2022\/08\/document-300x300.png 300w, https:\/\/dif.villadealvarez.gob.mx\/noticias\/wp-content\/uploads\/2022\/08\/document-150x150.png 150w, https:\/\/dif.villadealvarez.gob.mx\/noticias\/wp-content\/uploads\/2022\/08\/document.png 512w\" sizes=\"(max-width: 48px) 100vw, 48px\" \/><\/a><\/td>\n<td style=\"text-align: center;\"><a href=\"https:\/\/dif.villadealvarez.gob.mx\/noticias\/wp-content\/uploads\/2024\/07\/FRCC.-XVII-DIRECTORIO-INTEGRAL-2021.pdf\"><img loading=\"lazy\" class=\"alignnone wp-image-54\" src=\"https:\/\/dif.villadealvarez.gob.mx\/noticias\/wp-content\/uploads\/2022\/08\/document-300x300.png\" alt=\"\" width=\"48\" height=\"48\" srcset=\"https:\/\/dif.villadealvarez.gob.mx\/noticias\/wp-content\/uploads\/2022\/08\/document-300x300.png 300w, https:\/\/dif.villadealvarez.gob.mx\/noticias\/wp-content\/uploads\/2022\/08\/document-150x150.png 150w, https:\/\/dif.villadealvarez.gob.mx\/noticias\/wp-content\/uploads\/2022\/08\/document.png 512w\" sizes=\"(max-width: 48px) 100vw, 48px\" \/><\/a><\/td>\n<\/tr>\n<\/tbody>\n<\/table>\n<p>&nbsp;<\/p>\n<p style=\"text-align: center;\"><strong>2024<\/strong><\/p>\n<table style=\"height: 74px;\" width=\"824\">\n<tbody>\n<tr style=\"background-color: pink;\">\n<td style=\"text-align: center;\"><strong>1er Trimestre<\/strong><\/td>\n<td style=\"text-align: center;\"><strong>2do Trimestre<\/strong><\/td>\n<td style=\"text-align: center;\"><strong>3er Trimestre<\/strong><\/td>\n<td style=\"text-align: center;\"><strong>4to Trimestre<\/strong><\/td>\n<\/tr>\n<tr>\n<td style=\"text-align: center;\"><a href=\"https:\/\/dif.villadealvarez.gob.mx\/noticias\/wp-content\/uploads\/2024\/09\/FRACCION-VII-2-4.pdf\"><img loading=\"lazy\" class=\"alignnone wp-image-54\" src=\"https:\/\/dif.villadealvarez.gob.mx\/noticias\/wp-content\/uploads\/2022\/08\/document-300x300.png\" alt=\"\" width=\"48\" height=\"48\" srcset=\"https:\/\/dif.villadealvarez.gob.mx\/noticias\/wp-content\/uploads\/2022\/08\/document-300x300.png 300w, https:\/\/dif.villadealvarez.gob.mx\/noticias\/wp-content\/uploads\/2022\/08\/document-150x150.png 150w, https:\/\/dif.villadealvarez.gob.mx\/noticias\/wp-content\/uploads\/2022\/08\/document.png 512w\" sizes=\"(max-width: 48px) 100vw, 48px\" \/><\/a><\/td>\n<td style=\"text-align: center;\"><a href=\"https:\/\/dif.villadealvarez.gob.mx\/noticias\/wp-content\/uploads\/2024\/09\/FRACCION-VII-1.pdf\"><img loading=\"lazy\" class=\"alignnone wp-image-54\" src=\"https:\/\/dif.villadealvarez.gob.mx\/noticias\/wp-content\/uploads\/2022\/08\/document-300x300.png\" alt=\"\" width=\"48\" height=\"48\" srcset=\"https:\/\/dif.villadealvarez.gob.mx\/noticias\/wp-content\/uploads\/2022\/08\/document-300x300.png 300w, https:\/\/dif.villadealvarez.gob.mx\/noticias\/wp-content\/uploads\/2022\/08\/document-150x150.png 150w, https:\/\/dif.villadealvarez.gob.mx\/noticias\/wp-content\/uploads\/2022\/08\/document.png 512w\" sizes=\"(max-width: 48px) 100vw, 48px\" \/><\/a><\/td>\n<td style=\"text-align: center;\"><a href=\"https:\/\/dif.villadealvarez.gob.mx\/noticias\/wp-content\/uploads\/2025\/02\/DIRECTORIO-INTEGRAL-JUL-SEPT-2024.pdf\"><img loading=\"lazy\" class=\"alignnone wp-image-54\" src=\"https:\/\/dif.villadealvarez.gob.mx\/noticias\/wp-content\/uploads\/2022\/08\/document-300x300.png\" alt=\"\" width=\"48\" height=\"48\" srcset=\"https:\/\/dif.villadealvarez.gob.mx\/noticias\/wp-content\/uploads\/2022\/08\/document-300x300.png 300w, https:\/\/dif.villadealvarez.gob.mx\/noticias\/wp-content\/uploads\/2022\/08\/document-150x150.png 150w, https:\/\/dif.villadealvarez.gob.mx\/noticias\/wp-content\/uploads\/2022\/08\/document.png 512w\" sizes=\"(max-width: 48px) 100vw, 48px\" \/><\/a><\/td>\n<td style=\"text-align: center;\"><a href=\"https:\/\/dif.villadealvarez.gob.mx\/noticias\/wp-content\/uploads\/2025\/02\/DIRECTORIO-INTEGRAL-OCT-DIC-2024.pdf\"><img loading=\"lazy\" class=\"alignnone wp-image-54\" src=\"https:\/\/dif.villadealvarez.gob.mx\/noticias\/wp-content\/uploads\/2022\/08\/document-300x300.png\" alt=\"\" width=\"48\" height=\"48\" srcset=\"https:\/\/dif.villadealvarez.gob.mx\/noticias\/wp-content\/uploads\/2022\/08\/document-300x300.png 300w, https:\/\/dif.villadealvarez.gob.mx\/noticias\/wp-content\/uploads\/2022\/08\/document-150x150.png 150w, https:\/\/dif.villadealvarez.gob.mx\/noticias\/wp-content\/uploads\/2022\/08\/document.png 512w\" sizes=\"(max-width: 48px) 100vw, 48px\" \/><\/a><\/td>\n<\/tr>\n<\/tbody>\n<\/table>\n<p>&nbsp;<\/p>\n<p style=\"text-align: center;\"><strong>2025<\/strong><\/p>\n<table style=\"height: 74px;\" width=\"824\">\n<tbody>\n<tr style=\"background-color: pink;\">\n<td style=\"text-align: center;\"><strong>1er Trimestre<\/strong><\/td>\n<td style=\"text-align: center;\"><strong>2do Trimestre<\/strong><\/td>\n<td style=\"text-align: center;\"><strong>3er Trimestre<\/strong><\/td>\n<td style=\"text-align: center;\"><strong>4to Trimestre<\/strong><\/td>\n<\/tr>\n<tr>\n<td style=\"text-align: center;\"><a href=\"https:\/\/dif.villadealvarez.gob.mx\/noticias\/wp-content\/uploads\/2025\/06\/Directorio-Integral-2025.pdf\"><img loading=\"lazy\" class=\"alignnone wp-image-54\" src=\"https:\/\/dif.villadealvarez.gob.mx\/noticias\/wp-content\/uploads\/2022\/08\/document-300x300.png\" alt=\"\" width=\"48\" height=\"48\" srcset=\"https:\/\/dif.villadealvarez.gob.mx\/noticias\/wp-content\/uploads\/2022\/08\/document-300x300.png 300w, https:\/\/dif.villadealvarez.gob.mx\/noticias\/wp-content\/uploads\/2022\/08\/document-150x150.png 150w, https:\/\/dif.villadealvarez.gob.mx\/noticias\/wp-content\/uploads\/2022\/08\/document.png 512w\" sizes=\"(max-width: 48px) 100vw, 48px\" \/><\/a><\/td>\n<td style=\"text-align: center;\"><a href=\"https:\/\/dif.villadealvarez.gob.mx\/noticias\/wp-content\/uploads\/2025\/06\/Directorio-Integral-2025.pdf\"><img loading=\"lazy\" class=\"alignnone wp-image-54\" src=\"https:\/\/dif.villadealvarez.gob.mx\/noticias\/wp-content\/uploads\/2022\/08\/document-300x300.png\" alt=\"\" width=\"48\" height=\"48\" srcset=\"https:\/\/dif.villadealvarez.gob.mx\/noticias\/wp-content\/uploads\/2022\/08\/document-300x300.png 300w, https:\/\/dif.villadealvarez.gob.mx\/noticias\/wp-content\/uploads\/2022\/08\/document-150x150.png 150w, https:\/\/dif.villadealvarez.gob.mx\/noticias\/wp-content\/uploads\/2022\/08\/document.png 512w\" sizes=\"(max-width: 48px) 100vw, 48px\" \/><\/a><\/td>\n<td style=\"text-align: center;\"><a href=\"https:\/\/dif.villadealvarez.gob.mx\/noticias\/wp-content\/uploads\/2025\/06\/Directorio-Integral-2025.pdf\"><img loading=\"lazy\" class=\"alignnone wp-image-54\" src=\"https:\/\/dif.villadealvarez.gob.mx\/noticias\/wp-content\/uploads\/2022\/08\/document-300x300.png\" alt=\"\" width=\"48\" height=\"48\" srcset=\"https:\/\/dif.villadealvarez.gob.mx\/noticias\/wp-content\/uploads\/2022\/08\/document-300x300.png 300w, https:\/\/dif.villadealvarez.gob.mx\/noticias\/wp-content\/uploads\/2022\/08\/document-150x150.png 150w, https:\/\/dif.villadealvarez.gob.mx\/noticias\/wp-content\/uploads\/2022\/08\/document.png 512w\" sizes=\"(max-width: 48px) 100vw, 48px\" \/><\/a><\/td>\n<td style=\"text-align: center;\"><a href=\"https:\/\/dif.villadealvarez.gob.mx\/noticias\/wp-content\/uploads\/2025\/06\/Directorio-Integral-2025.pdf\"><img loading=\"lazy\" class=\"alignnone wp-image-54\" src=\"https:\/\/dif.villadealvarez.gob.mx\/noticias\/wp-content\/uploads\/2022\/08\/document-300x300.png\" alt=\"\" width=\"48\" height=\"48\" srcset=\"https:\/\/dif.villadealvarez.gob.mx\/noticias\/wp-content\/uploads\/2022\/08\/document-300x300.png 300w, https:\/\/dif.villadealvarez.gob.mx\/noticias\/wp-content\/uploads\/2022\/08\/document-150x150.png 150w, https:\/\/dif.villadealvarez.gob.mx\/noticias\/wp-content\/uploads\/2022\/08\/document.png 512w\" sizes=\"(max-width: 48px) 100vw, 48px\" \/><\/a><\/td>\n<\/tr>\n<\/tbody>\n<\/table>\n","protected":false},"excerpt":{"rendered":"<p>Fracci\u00f3n VII: El directorio de todos los servidores p\u00fablicos, incluyendo los que formen parte de los \u00f3rganos de consulta y apoyo, a partir del nivel de jefe de departamento o su equivalente, o de menor nivel, cuando se brinde atenci\u00f3n al p\u00fablico manejen o apliquen recursos p\u00fablicos realicen actos de autoridad o presten servicios profesionales&hellip;<\/p>\n","protected":false},"author":2,"featured_media":0,"parent":0,"menu_order":0,"comment_status":"closed","ping_status":"closed","template":"","meta":[],"_links":{"self":[{"href":"https:\/\/dif.villadealvarez.gob.mx\/noticias\/wp-json\/wp\/v2\/pages\/1852"}],"collection":[{"href":"https:\/\/dif.villadealvarez.gob.mx\/noticias\/wp-json\/wp\/v2\/pages"}],"about":[{"href":"https:\/\/dif.villadealvarez.gob.mx\/noticias\/wp-json\/wp\/v2\/types\/page"}],"author":[{"embeddable":true,"href":"https:\/\/dif.villadealvarez.gob.mx\/noticias\/wp-json\/wp\/v2\/users\/2"}],"replies":[{"embeddable":true,"href":"https:\/\/dif.villadealvarez.gob.mx\/noticias\/wp-json\/wp\/v2\/comments?post=1852"}],"version-history":[{"count":9,"href":"https:\/\/dif.villadealvarez.gob.mx\/noticias\/wp-json\/wp\/v2\/pages\/1852\/revisions"}],"predecessor-version":[{"id":4340,"href":"https:\/\/dif.villadealvarez.gob.mx\/noticias\/wp-json\/wp\/v2\/pages\/1852\/revisions\/4340"}],"wp:attachment":[{"href":"https:\/\/dif.villadealvarez.gob.mx\/noticias\/wp-json\/wp\/v2\/media?parent=1852"}],"curies":[{"name":"wp","href":"https:\/\/api.w.org\/{rel}","templated":true}]}}