{"id":204,"date":"2022-08-09T17:55:05","date_gmt":"2022-08-09T17:55:05","guid":{"rendered":"https:\/\/dif.villadealvarez.gob.mx\/noticias\/?page_id=204"},"modified":"2026-02-17T17:50:07","modified_gmt":"2026-02-17T17:50:07","slug":"fracion-xxii","status":"publish","type":"page","link":"https:\/\/dif.villadealvarez.gob.mx\/noticias\/fracion-xxii\/","title":{"rendered":"Fraci\u00f3n XXII"},"content":{"rendered":"<p><span style=\"color: #800080;\"><strong>Fracci\u00f3n XXII:<\/strong><\/span><\/p>\n<p>La informaci\u00f3n relativa a la deuda p\u00fablica, en t\u00e9rminos de la normatividad aplicable.<\/p>\n<p>&nbsp;<\/p>\n<ul>\n<li><strong>2022<\/strong><\/li>\n<\/ul>\n<table style=\"height: 74px;\" width=\"824\">\n<tbody>\n<tr style=\"background-color: pink;\">\n<td style=\"text-align: center;\">1er Trimestre<\/td>\n<td style=\"text-align: center;\">2do Trimestre<\/td>\n<td style=\"text-align: center;\">3er Trimestre<\/td>\n<td style=\"text-align: center;\">4to Trimestre<\/td>\n<\/tr>\n<tr>\n<td style=\"text-align: center;\"><a href=\"https:\/\/dif.villadealvarez.gob.mx\/noticias\/wp-content\/uploads\/2022\/08\/FRACCION-XXII-1ER.pdf\"><img loading=\"lazy\" class=\"alignnone wp-image-54\" src=\"https:\/\/dif.villadealvarez.gob.mx\/noticias\/wp-content\/uploads\/2022\/08\/document-300x300.png\" alt=\"\" width=\"38\" height=\"38\" srcset=\"https:\/\/dif.villadealvarez.gob.mx\/noticias\/wp-content\/uploads\/2022\/08\/document-300x300.png 300w, https:\/\/dif.villadealvarez.gob.mx\/noticias\/wp-content\/uploads\/2022\/08\/document-150x150.png 150w, https:\/\/dif.villadealvarez.gob.mx\/noticias\/wp-content\/uploads\/2022\/08\/document.png 512w\" sizes=\"(max-width: 38px) 100vw, 38px\" \/><\/a><\/td>\n<td style=\"text-align: center;\"><a href=\"https:\/\/dif.villadealvarez.gob.mx\/noticias\/wp-content\/uploads\/2022\/08\/FRACCION-XXII-2DO.pdf\"><img loading=\"lazy\" class=\"alignnone wp-image-54\" src=\"https:\/\/dif.villadealvarez.gob.mx\/noticias\/wp-content\/uploads\/2022\/08\/document-300x300.png\" alt=\"\" width=\"38\" height=\"38\" srcset=\"https:\/\/dif.villadealvarez.gob.mx\/noticias\/wp-content\/uploads\/2022\/08\/document-300x300.png 300w, https:\/\/dif.villadealvarez.gob.mx\/noticias\/wp-content\/uploads\/2022\/08\/document-150x150.png 150w, https:\/\/dif.villadealvarez.gob.mx\/noticias\/wp-content\/uploads\/2022\/08\/document.png 512w\" sizes=\"(max-width: 38px) 100vw, 38px\" \/><\/a><\/td>\n<td style=\"text-align: center;\"><a href=\"https:\/\/dif.villadealvarez.gob.mx\/noticias\/wp-content\/uploads\/2022\/10\/doc00711720221019123416.pdf\"><img loading=\"lazy\" class=\"alignnone wp-image-54\" src=\"https:\/\/dif.villadealvarez.gob.mx\/noticias\/wp-content\/uploads\/2022\/08\/document-300x300.png\" alt=\"\" width=\"38\" height=\"38\" srcset=\"https:\/\/dif.villadealvarez.gob.mx\/noticias\/wp-content\/uploads\/2022\/08\/document-300x300.png 300w, https:\/\/dif.villadealvarez.gob.mx\/noticias\/wp-content\/uploads\/2022\/08\/document-150x150.png 150w, https:\/\/dif.villadealvarez.gob.mx\/noticias\/wp-content\/uploads\/2022\/08\/document.png 512w\" sizes=\"(max-width: 38px) 100vw, 38px\" \/><\/a><\/td>\n<td style=\"text-align: center;\"><a href=\"https:\/\/dif.villadealvarez.gob.mx\/noticias\/wp-content\/uploads\/2023\/03\/4TO-TRIMESTRE-7.pdf\"><img loading=\"lazy\" class=\"alignnone wp-image-54\" src=\"https:\/\/dif.villadealvarez.gob.mx\/noticias\/wp-content\/uploads\/2022\/08\/document-300x300.png\" alt=\"\" width=\"38\" height=\"38\" srcset=\"https:\/\/dif.villadealvarez.gob.mx\/noticias\/wp-content\/uploads\/2022\/08\/document-300x300.png 300w, https:\/\/dif.villadealvarez.gob.mx\/noticias\/wp-content\/uploads\/2022\/08\/document-150x150.png 150w, https:\/\/dif.villadealvarez.gob.mx\/noticias\/wp-content\/uploads\/2022\/08\/document.png 512w\" sizes=\"(max-width: 38px) 100vw, 38px\" \/><\/a><\/td>\n<\/tr>\n<\/tbody>\n<\/table>\n<ul>\n<li><strong>2023<\/strong><\/li>\n<\/ul>\n<table style=\"height: 74px;\" width=\"824\">\n<tbody>\n<tr style=\"background-color: pink;\">\n<td style=\"text-align: center;\">1er Trimestre<\/td>\n<td style=\"text-align: center;\">2do Trimestre<\/td>\n<td style=\"text-align: center;\">3er Trimestre<\/td>\n<td style=\"text-align: center;\">4to Trimestre<\/td>\n<\/tr>\n<tr>\n<td style=\"text-align: center;\"><a href=\"https:\/\/dif.villadealvarez.gob.mx\/noticias\/wp-content\/uploads\/2023\/07\/FRACCION-XXII-1ER.pdf\"><img loading=\"lazy\" class=\"alignnone wp-image-54\" src=\"https:\/\/dif.villadealvarez.gob.mx\/noticias\/wp-content\/uploads\/2022\/08\/document-300x300.png\" alt=\"\" width=\"38\" height=\"38\" srcset=\"https:\/\/dif.villadealvarez.gob.mx\/noticias\/wp-content\/uploads\/2022\/08\/document-300x300.png 300w, https:\/\/dif.villadealvarez.gob.mx\/noticias\/wp-content\/uploads\/2022\/08\/document-150x150.png 150w, https:\/\/dif.villadealvarez.gob.mx\/noticias\/wp-content\/uploads\/2022\/08\/document.png 512w\" sizes=\"(max-width: 38px) 100vw, 38px\" \/><\/a><\/td>\n<td style=\"text-align: center;\"><a href=\"https:\/\/dif.villadealvarez.gob.mx\/noticias\/wp-content\/uploads\/2024\/06\/fraccion-XXII-2do-2023.pdf\"><img loading=\"lazy\" class=\"alignnone wp-image-54\" src=\"https:\/\/dif.villadealvarez.gob.mx\/noticias\/wp-content\/uploads\/2022\/08\/document-300x300.png\" alt=\"\" width=\"38\" height=\"38\" srcset=\"https:\/\/dif.villadealvarez.gob.mx\/noticias\/wp-content\/uploads\/2022\/08\/document-300x300.png 300w, https:\/\/dif.villadealvarez.gob.mx\/noticias\/wp-content\/uploads\/2022\/08\/document-150x150.png 150w, https:\/\/dif.villadealvarez.gob.mx\/noticias\/wp-content\/uploads\/2022\/08\/document.png 512w\" sizes=\"(max-width: 38px) 100vw, 38px\" \/><\/a><\/td>\n<td style=\"text-align: center;\"><a href=\"https:\/\/dif.villadealvarez.gob.mx\/noticias\/wp-content\/uploads\/2024\/06\/fraccion-XXII-3ro-2023.pdf\"><img loading=\"lazy\" class=\"alignnone wp-image-54\" src=\"https:\/\/dif.villadealvarez.gob.mx\/noticias\/wp-content\/uploads\/2022\/08\/document-300x300.png\" alt=\"\" width=\"38\" height=\"38\" srcset=\"https:\/\/dif.villadealvarez.gob.mx\/noticias\/wp-content\/uploads\/2022\/08\/document-300x300.png 300w, https:\/\/dif.villadealvarez.gob.mx\/noticias\/wp-content\/uploads\/2022\/08\/document-150x150.png 150w, https:\/\/dif.villadealvarez.gob.mx\/noticias\/wp-content\/uploads\/2022\/08\/document.png 512w\" sizes=\"(max-width: 38px) 100vw, 38px\" \/><\/a><\/td>\n<td style=\"text-align: center;\"><a href=\"https:\/\/dif.villadealvarez.gob.mx\/noticias\/wp-content\/uploads\/2024\/06\/fraccion-XXII-4to-2023.pdf\"><img loading=\"lazy\" class=\"alignnone wp-image-54\" src=\"https:\/\/dif.villadealvarez.gob.mx\/noticias\/wp-content\/uploads\/2022\/08\/document-300x300.png\" alt=\"\" width=\"38\" height=\"38\" srcset=\"https:\/\/dif.villadealvarez.gob.mx\/noticias\/wp-content\/uploads\/2022\/08\/document-300x300.png 300w, https:\/\/dif.villadealvarez.gob.mx\/noticias\/wp-content\/uploads\/2022\/08\/document-150x150.png 150w, https:\/\/dif.villadealvarez.gob.mx\/noticias\/wp-content\/uploads\/2022\/08\/document.png 512w\" sizes=\"(max-width: 38px) 100vw, 38px\" \/><\/a><\/td>\n<\/tr>\n<\/tbody>\n<\/table>\n<ul>\n<li><strong>2024<\/strong><\/li>\n<\/ul>\n<table style=\"height: 74px;\" width=\"824\">\n<tbody>\n<tr style=\"background-color: pink;\">\n<td style=\"text-align: center;\">1er Trimestre<\/td>\n<td style=\"text-align: center;\">2do Trimestre<\/td>\n<td style=\"text-align: center;\">3er Trimestre<\/td>\n<td style=\"text-align: center;\">4to Trimestre<\/td>\n<\/tr>\n<tr>\n<td style=\"text-align: center;\"><a href=\"https:\/\/dif.villadealvarez.gob.mx\/noticias\/wp-content\/uploads\/2024\/05\/1ER-2024-1.pdf\"><img loading=\"lazy\" class=\"alignnone wp-image-54\" src=\"https:\/\/dif.villadealvarez.gob.mx\/noticias\/wp-content\/uploads\/2022\/08\/document-300x300.png\" alt=\"\" width=\"38\" height=\"38\" srcset=\"https:\/\/dif.villadealvarez.gob.mx\/noticias\/wp-content\/uploads\/2022\/08\/document-300x300.png 300w, https:\/\/dif.villadealvarez.gob.mx\/noticias\/wp-content\/uploads\/2022\/08\/document-150x150.png 150w, https:\/\/dif.villadealvarez.gob.mx\/noticias\/wp-content\/uploads\/2022\/08\/document.png 512w\" sizes=\"(max-width: 38px) 100vw, 38px\" \/><\/a><\/td>\n<td style=\"text-align: center;\"><a href=\"https:\/\/dif.villadealvarez.gob.mx\/noticias\/wp-content\/uploads\/2024\/09\/fraccion-XXII-2do.pdf\"><img loading=\"lazy\" class=\"alignnone wp-image-54\" src=\"https:\/\/dif.villadealvarez.gob.mx\/noticias\/wp-content\/uploads\/2022\/08\/document-300x300.png\" alt=\"\" width=\"38\" height=\"38\" srcset=\"https:\/\/dif.villadealvarez.gob.mx\/noticias\/wp-content\/uploads\/2022\/08\/document-300x300.png 300w, https:\/\/dif.villadealvarez.gob.mx\/noticias\/wp-content\/uploads\/2022\/08\/document-150x150.png 150w, https:\/\/dif.villadealvarez.gob.mx\/noticias\/wp-content\/uploads\/2022\/08\/document.png 512w\" sizes=\"(max-width: 38px) 100vw, 38px\" \/><\/a><\/td>\n<td style=\"text-align: center;\"><a href=\"https:\/\/dif.villadealvarez.gob.mx\/noticias\/wp-content\/uploads\/2025\/06\/FRACC-XXII-3ER-TRIM-2024.pdf\"><img loading=\"lazy\" class=\"alignnone wp-image-54\" src=\"https:\/\/dif.villadealvarez.gob.mx\/noticias\/wp-content\/uploads\/2022\/08\/document-300x300.png\" alt=\"\" width=\"38\" height=\"38\" srcset=\"https:\/\/dif.villadealvarez.gob.mx\/noticias\/wp-content\/uploads\/2022\/08\/document-300x300.png 300w, https:\/\/dif.villadealvarez.gob.mx\/noticias\/wp-content\/uploads\/2022\/08\/document-150x150.png 150w, https:\/\/dif.villadealvarez.gob.mx\/noticias\/wp-content\/uploads\/2022\/08\/document.png 512w\" sizes=\"(max-width: 38px) 100vw, 38px\" \/><\/a><\/td>\n<td style=\"text-align: center;\"><a href=\"https:\/\/dif.villadealvarez.gob.mx\/noticias\/wp-content\/uploads\/2025\/06\/FRACC-XXII-4\u00b0-TRIM-2024.pdf\"><img loading=\"lazy\" class=\"alignnone wp-image-54\" src=\"https:\/\/dif.villadealvarez.gob.mx\/noticias\/wp-content\/uploads\/2022\/08\/document-300x300.png\" alt=\"\" width=\"38\" height=\"38\" srcset=\"https:\/\/dif.villadealvarez.gob.mx\/noticias\/wp-content\/uploads\/2022\/08\/document-300x300.png 300w, https:\/\/dif.villadealvarez.gob.mx\/noticias\/wp-content\/uploads\/2022\/08\/document-150x150.png 150w, https:\/\/dif.villadealvarez.gob.mx\/noticias\/wp-content\/uploads\/2022\/08\/document.png 512w\" sizes=\"(max-width: 38px) 100vw, 38px\" \/><\/a><\/td>\n<\/tr>\n<\/tbody>\n<\/table>\n<ul>\n<li><strong>2025<\/strong><\/li>\n<\/ul>\n<table style=\"height: 74px;\" width=\"824\">\n<tbody>\n<tr style=\"background-color: pink;\">\n<td style=\"text-align: center;\">1er Trimestre<\/td>\n<td style=\"text-align: center;\">2do Trimestre<\/td>\n<td style=\"text-align: center;\">3er Trimestre<\/td>\n<td style=\"text-align: center;\">4to Trimestre<\/td>\n<\/tr>\n<tr>\n<td style=\"text-align: center;\"><a href=\"https:\/\/dif.villadealvarez.gob.mx\/noticias\/wp-content\/uploads\/2025\/06\/FRACC-XXII-1ER-TRIM-2025.pdf\"><img loading=\"lazy\" class=\"alignnone wp-image-54\" src=\"https:\/\/dif.villadealvarez.gob.mx\/noticias\/wp-content\/uploads\/2022\/08\/document-300x300.png\" alt=\"\" width=\"38\" height=\"38\" srcset=\"https:\/\/dif.villadealvarez.gob.mx\/noticias\/wp-content\/uploads\/2022\/08\/document-300x300.png 300w, https:\/\/dif.villadealvarez.gob.mx\/noticias\/wp-content\/uploads\/2022\/08\/document-150x150.png 150w, https:\/\/dif.villadealvarez.gob.mx\/noticias\/wp-content\/uploads\/2022\/08\/document.png 512w\" sizes=\"(max-width: 38px) 100vw, 38px\" \/><\/a><\/td>\n<td style=\"text-align: center;\"><a href=\"https:\/\/dif.villadealvarez.gob.mx\/noticias\/wp-content\/uploads\/2025\/08\/FRACC-XXII-2\u00b0-TRIM-2025.pdf\"><img loading=\"lazy\" class=\"alignnone wp-image-54\" src=\"https:\/\/dif.villadealvarez.gob.mx\/noticias\/wp-content\/uploads\/2022\/08\/document-300x300.png\" alt=\"\" width=\"38\" height=\"38\" srcset=\"https:\/\/dif.villadealvarez.gob.mx\/noticias\/wp-content\/uploads\/2022\/08\/document-300x300.png 300w, https:\/\/dif.villadealvarez.gob.mx\/noticias\/wp-content\/uploads\/2022\/08\/document-150x150.png 150w, https:\/\/dif.villadealvarez.gob.mx\/noticias\/wp-content\/uploads\/2022\/08\/document.png 512w\" sizes=\"(max-width: 38px) 100vw, 38px\" \/><\/a><\/td>\n<td style=\"text-align: center;\"><a href=\"https:\/\/dif.villadealvarez.gob.mx\/noticias\/wp-content\/uploads\/2025\/10\/FRACC-XXII.pdf\"><img loading=\"lazy\" class=\"alignnone wp-image-54\" src=\"https:\/\/dif.villadealvarez.gob.mx\/noticias\/wp-content\/uploads\/2022\/08\/document-300x300.png\" alt=\"\" width=\"38\" height=\"38\" srcset=\"https:\/\/dif.villadealvarez.gob.mx\/noticias\/wp-content\/uploads\/2022\/08\/document-300x300.png 300w, https:\/\/dif.villadealvarez.gob.mx\/noticias\/wp-content\/uploads\/2022\/08\/document-150x150.png 150w, https:\/\/dif.villadealvarez.gob.mx\/noticias\/wp-content\/uploads\/2022\/08\/document.png 512w\" sizes=\"(max-width: 38px) 100vw, 38px\" \/><\/a><\/td>\n<td style=\"text-align: center;\"><a href=\"https:\/\/dif.villadealvarez.gob.mx\/noticias\/wp-content\/uploads\/2026\/01\/FRACC-XXII-4\u00b0-TRIM.pdf\"><img loading=\"lazy\" class=\"alignnone wp-image-54\" src=\"https:\/\/dif.villadealvarez.gob.mx\/noticias\/wp-content\/uploads\/2022\/08\/document-300x300.png\" alt=\"\" width=\"38\" height=\"38\" srcset=\"https:\/\/dif.villadealvarez.gob.mx\/noticias\/wp-content\/uploads\/2022\/08\/document-300x300.png 300w, https:\/\/dif.villadealvarez.gob.mx\/noticias\/wp-content\/uploads\/2022\/08\/document-150x150.png 150w, https:\/\/dif.villadealvarez.gob.mx\/noticias\/wp-content\/uploads\/2022\/08\/document.png 512w\" sizes=\"(max-width: 38px) 100vw, 38px\" \/><\/a><\/td>\n<\/tr>\n<\/tbody>\n<\/table>\n<ul>\n<li><strong>2026<\/strong><\/li>\n<\/ul>\n<table style=\"height: 74px;\" width=\"824\">\n<tbody>\n<tr style=\"background-color: pink;\">\n<td style=\"text-align: center;\">1er Trimestre<\/td>\n<td style=\"text-align: center;\">2do Trimestre<\/td>\n<td style=\"text-align: center;\">3er Trimestre<\/td>\n<td style=\"text-align: center;\">4to Trimestre<\/td>\n<\/tr>\n<tr>\n<td style=\"text-align: center;\"><\/td>\n<td style=\"text-align: center;\"><\/td>\n<td style=\"text-align: center;\"><\/td>\n<td style=\"text-align: center;\"><\/td>\n<\/tr>\n<\/tbody>\n<\/table>\n<p>&nbsp;<\/p>\n<p>&nbsp;<\/p>\n<p>&nbsp;<\/p>\n<p>&nbsp;<\/p>\n","protected":false},"excerpt":{"rendered":"<p>Fracci\u00f3n XXII: La informaci\u00f3n relativa a la deuda p\u00fablica, en t\u00e9rminos de la normatividad aplicable. &nbsp; 2022 1er Trimestre 2do Trimestre 3er Trimestre 4to Trimestre 2023 1er Trimestre 2do Trimestre 3er Trimestre 4to Trimestre 2024 1er Trimestre 2do Trimestre 3er Trimestre 4to Trimestre 2025 1er Trimestre 2do Trimestre 3er Trimestre 4to Trimestre 2026 1er Trimestre&hellip;<\/p>\n","protected":false},"author":2,"featured_media":0,"parent":0,"menu_order":0,"comment_status":"closed","ping_status":"closed","template":"","meta":[],"_links":{"self":[{"href":"https:\/\/dif.villadealvarez.gob.mx\/noticias\/wp-json\/wp\/v2\/pages\/204"}],"collection":[{"href":"https:\/\/dif.villadealvarez.gob.mx\/noticias\/wp-json\/wp\/v2\/pages"}],"about":[{"href":"https:\/\/dif.villadealvarez.gob.mx\/noticias\/wp-json\/wp\/v2\/types\/page"}],"author":[{"embeddable":true,"href":"https:\/\/dif.villadealvarez.gob.mx\/noticias\/wp-json\/wp\/v2\/users\/2"}],"replies":[{"embeddable":true,"href":"https:\/\/dif.villadealvarez.gob.mx\/noticias\/wp-json\/wp\/v2\/comments?post=204"}],"version-history":[{"count":18,"href":"https:\/\/dif.villadealvarez.gob.mx\/noticias\/wp-json\/wp\/v2\/pages\/204\/revisions"}],"predecessor-version":[{"id":4348,"href":"https:\/\/dif.villadealvarez.gob.mx\/noticias\/wp-json\/wp\/v2\/pages\/204\/revisions\/4348"}],"wp:attachment":[{"href":"https:\/\/dif.villadealvarez.gob.mx\/noticias\/wp-json\/wp\/v2\/media?parent=204"}],"curies":[{"name":"wp","href":"https:\/\/api.w.org\/{rel}","templated":true}]}}