{"id":2845,"date":"2025-06-12T15:45:06","date_gmt":"2025-06-12T15:45:06","guid":{"rendered":"https:\/\/dif.villadealvarez.gob.mx\/noticias\/?page_id=2845"},"modified":"2025-06-12T15:45:06","modified_gmt":"2025-06-12T15:45:06","slug":"fraccion-xxxvii","status":"publish","type":"page","link":"https:\/\/dif.villadealvarez.gob.mx\/noticias\/fraccion-xxxvii\/","title":{"rendered":"FRACCI\u00d3N XXXVII"},"content":{"rendered":"<h4 style=\"text-align: center;\"><span style=\"color: #800080;\">Los mecanismos de participaci\u00f3n ciudadana.<\/span><\/h4>\n<p>El DIF Municipal de Villa de \u00c1lvarez cuenta con los siguientes medios comunicaci\u00f3n:<\/p>\n<p><strong>Direcci\u00f3n:<\/strong> Av. Enrique Corona Morfin, Esq. Tiburcio Aguilar S\/N, Centro, 28988 Cdad. de Villa de \u00c1lvarez, Col.<\/p>\n<p><strong>Tel\u00e9fono:<\/strong><\/p>\n<ul>\n<li>312 311 0893<\/li>\n<li>312 311 5893<\/li>\n<\/ul>\n<p><strong>Horarios de atenci\u00f3n:<\/strong> de 8:30 a 15:00 horas, de lunes a viernes.<\/p>\n<p><strong>Redes Sociales: <a href=\"https:\/\/www.facebook.com\/profile.php?id=100068542819634\"><img loading=\"lazy\" class=\"alignnone  wp-image-2846\" src=\"https:\/\/dif.villadealvarez.gob.mx\/noticias\/wp-content\/uploads\/2025\/06\/Facebook_Logo_2019-300x300.png\" alt=\"\" width=\"37\" height=\"37\" srcset=\"https:\/\/dif.villadealvarez.gob.mx\/noticias\/wp-content\/uploads\/2025\/06\/Facebook_Logo_2019-300x300.png 300w, https:\/\/dif.villadealvarez.gob.mx\/noticias\/wp-content\/uploads\/2025\/06\/Facebook_Logo_2019-1024x1024.png 1024w, https:\/\/dif.villadealvarez.gob.mx\/noticias\/wp-content\/uploads\/2025\/06\/Facebook_Logo_2019-150x150.png 150w, https:\/\/dif.villadealvarez.gob.mx\/noticias\/wp-content\/uploads\/2025\/06\/Facebook_Logo_2019-768x768.png 768w, https:\/\/dif.villadealvarez.gob.mx\/noticias\/wp-content\/uploads\/2025\/06\/Facebook_Logo_2019.png 1200w\" sizes=\"(max-width: 37px) 100vw, 37px\" \/><\/a><\/strong><\/p>\n<p>&nbsp;<\/p>\n<p>&nbsp;<\/p>\n","protected":false},"excerpt":{"rendered":"<p>Los mecanismos de participaci\u00f3n ciudadana. El DIF Municipal de Villa de \u00c1lvarez cuenta con los siguientes medios comunicaci\u00f3n: Direcci\u00f3n: Av. Enrique Corona Morfin, Esq. Tiburcio Aguilar S\/N, Centro, 28988 Cdad. de Villa de \u00c1lvarez, Col. Tel\u00e9fono: 312 311 0893 312 311 5893 Horarios de atenci\u00f3n: de 8:30 a 15:00 horas, de lunes a viernes. Redes&hellip;<\/p>\n","protected":false},"author":2,"featured_media":0,"parent":0,"menu_order":0,"comment_status":"closed","ping_status":"closed","template":"","meta":[],"_links":{"self":[{"href":"https:\/\/dif.villadealvarez.gob.mx\/noticias\/wp-json\/wp\/v2\/pages\/2845"}],"collection":[{"href":"https:\/\/dif.villadealvarez.gob.mx\/noticias\/wp-json\/wp\/v2\/pages"}],"about":[{"href":"https:\/\/dif.villadealvarez.gob.mx\/noticias\/wp-json\/wp\/v2\/types\/page"}],"author":[{"embeddable":true,"href":"https:\/\/dif.villadealvarez.gob.mx\/noticias\/wp-json\/wp\/v2\/users\/2"}],"replies":[{"embeddable":true,"href":"https:\/\/dif.villadealvarez.gob.mx\/noticias\/wp-json\/wp\/v2\/comments?post=2845"}],"version-history":[{"count":1,"href":"https:\/\/dif.villadealvarez.gob.mx\/noticias\/wp-json\/wp\/v2\/pages\/2845\/revisions"}],"predecessor-version":[{"id":2847,"href":"https:\/\/dif.villadealvarez.gob.mx\/noticias\/wp-json\/wp\/v2\/pages\/2845\/revisions\/2847"}],"wp:attachment":[{"href":"https:\/\/dif.villadealvarez.gob.mx\/noticias\/wp-json\/wp\/v2\/media?parent=2845"}],"curies":[{"name":"wp","href":"https:\/\/api.w.org\/{rel}","templated":true}]}}