{"id":476,"date":"2022-08-23T14:45:03","date_gmt":"2022-08-23T14:45:03","guid":{"rendered":"https:\/\/dif.villadealvarez.gob.mx\/noticias\/?page_id=476"},"modified":"2025-08-27T18:37:09","modified_gmt":"2025-08-27T18:37:09","slug":"fraccion-xxxix","status":"publish","type":"page","link":"https:\/\/dif.villadealvarez.gob.mx\/noticias\/fraccion-xxxix\/","title":{"rendered":"Fracci\u00f3n XXXIX"},"content":{"rendered":"<p><span style=\"color: #800080;\"><strong>Fracci\u00f3n XXXIX:<\/strong><\/span><\/p>\n<p>La integraci\u00f3n del Comit\u00e9 de Transparencia, as\u00ed como sus actas y resoluciones.<\/p>\n<p style=\"text-align: center;\"><span style=\"color: #800080;\"><strong>INTEGRACI\u00d3N DEL COMIT\u00c9 DE TRANSPARENCIA<\/strong><\/span><\/p>\n<ul>\n<li>2023<\/li>\n<\/ul>\n<p>&nbsp;<\/p>\n<table style=\"height: 74px;\" width=\"824\">\n<tbody>\n<tr style=\"background-color: pink;\">\n<td style=\"text-align: center;\">1er Trimestre<\/td>\n<td style=\"text-align: center;\">2do Trimestre<\/td>\n<td style=\"text-align: center;\">3er Trimestre<\/td>\n<td style=\"text-align: center;\">4to Trimestre<\/td>\n<\/tr>\n<tr>\n<td style=\"text-align: center;\" colspan=\"4; \"><a href=\"https:\/\/dif.villadealvarez.gob.mx\/noticias\/wp-content\/uploads\/2024\/07\/COMITE-DE-TRANSPARENCIA-XXXIX.pdf\"><img loading=\"lazy\" class=\"alignnone wp-image-54\" src=\"https:\/\/dif.villadealvarez.gob.mx\/noticias\/wp-content\/uploads\/2022\/08\/document-300x300.png\" alt=\"\" width=\"47\" height=\"47\" srcset=\"https:\/\/dif.villadealvarez.gob.mx\/noticias\/wp-content\/uploads\/2022\/08\/document-300x300.png 300w, https:\/\/dif.villadealvarez.gob.mx\/noticias\/wp-content\/uploads\/2022\/08\/document-150x150.png 150w, https:\/\/dif.villadealvarez.gob.mx\/noticias\/wp-content\/uploads\/2022\/08\/document.png 512w\" sizes=\"(max-width: 47px) 100vw, 47px\" \/><\/a><\/td>\n<\/tr>\n<\/tbody>\n<\/table>\n<ul>\n<li>2024<\/li>\n<\/ul>\n<table style=\"height: 74px;\" width=\"824\">\n<tbody>\n<tr style=\"background-color: pink;\">\n<td style=\"text-align: center;\">1er Trimestre<\/td>\n<td style=\"text-align: center;\">2do Trimestre<\/td>\n<td style=\"text-align: center;\">3er Trimestre<\/td>\n<td style=\"text-align: center;\">4to Trimestre<\/td>\n<\/tr>\n<tr>\n<td style=\"text-align: center;\" colspan=\"4; \"><a href=\"https:\/\/dif.villadealvarez.gob.mx\/noticias\/wp-content\/uploads\/2024\/09\/FRACC-XXXIX-SESION-ORDINARIA-01-2024.pdf\"><img loading=\"lazy\" class=\"alignnone wp-image-54\" src=\"https:\/\/dif.villadealvarez.gob.mx\/noticias\/wp-content\/uploads\/2022\/08\/document-300x300.png\" alt=\"\" width=\"47\" height=\"47\" srcset=\"https:\/\/dif.villadealvarez.gob.mx\/noticias\/wp-content\/uploads\/2022\/08\/document-300x300.png 300w, https:\/\/dif.villadealvarez.gob.mx\/noticias\/wp-content\/uploads\/2022\/08\/document-150x150.png 150w, https:\/\/dif.villadealvarez.gob.mx\/noticias\/wp-content\/uploads\/2022\/08\/document.png 512w\" sizes=\"(max-width: 47px) 100vw, 47px\" \/><\/a><\/td>\n<\/tr>\n<\/tbody>\n<\/table>\n<ul>\n<li>2025<\/li>\n<\/ul>\n<table style=\"height: 74px;\" width=\"824\">\n<tbody>\n<tr style=\"background-color: pink;\">\n<td style=\"text-align: center;\">1er Trimestre<\/td>\n<td style=\"text-align: center;\">2do Trimestre<\/td>\n<td style=\"text-align: center;\">3er Trimestre<\/td>\n<td style=\"text-align: center;\">4to Trimestre<\/td>\n<\/tr>\n<tr>\n<td style=\"text-align: center;\" colspan=\"4; \"><a href=\"https:\/\/dif.villadealvarez.gob.mx\/noticias\/wp-content\/uploads\/2025\/05\/doc06876420250421121952.pdf\"><img loading=\"lazy\" class=\"alignnone wp-image-54\" src=\"https:\/\/dif.villadealvarez.gob.mx\/noticias\/wp-content\/uploads\/2022\/08\/document-300x300.png\" alt=\"\" width=\"47\" height=\"47\" srcset=\"https:\/\/dif.villadealvarez.gob.mx\/noticias\/wp-content\/uploads\/2022\/08\/document-300x300.png 300w, https:\/\/dif.villadealvarez.gob.mx\/noticias\/wp-content\/uploads\/2022\/08\/document-150x150.png 150w, https:\/\/dif.villadealvarez.gob.mx\/noticias\/wp-content\/uploads\/2022\/08\/document.png 512w\" sizes=\"(max-width: 47px) 100vw, 47px\" \/><\/a><\/td>\n<\/tr>\n<\/tbody>\n<\/table>\n<p style=\"text-align: center;\"><strong><span style=\"color: #800080;\">ACTAS Y RESOLUCIONES<\/span><\/strong><\/p>\n<ul>\n<li>2023<\/li>\n<\/ul>\n<table style=\"height: 74px;\" width=\"824\">\n<tbody>\n<tr style=\"background-color: pink;\">\n<td style=\"text-align: center;\">1er Trimestre<\/td>\n<td style=\"text-align: center;\">2do Trimestre<\/td>\n<td style=\"text-align: center;\">3er Trimestre<\/td>\n<td style=\"text-align: center;\">4to Trimestre<\/td>\n<\/tr>\n<tr>\n<td style=\"text-align: center;\">No se ha generado informaci\u00f3n<\/p>\n<p>en este periodo. \ud83d\ude41<\/td>\n<td style=\"text-align: center;\">No se ha generado informaci\u00f3n<\/p>\n<p>en este periodo. \ud83d\ude41<\/td>\n<td style=\"text-align: center;\">No se ha generado informaci\u00f3n<\/p>\n<p>en este periodo. \ud83d\ude41<\/td>\n<td style=\"text-align: center;\">No se ha generado informaci\u00f3n<\/p>\n<p>en este periodo. \ud83d\ude41<\/td>\n<\/tr>\n<\/tbody>\n<\/table>\n<p>&nbsp;<\/p>\n<ul>\n<li>2024<\/li>\n<\/ul>\n<table style=\"height: 74px;\" width=\"824\">\n<tbody>\n<tr style=\"background-color: pink;\">\n<td style=\"text-align: center;\">1er Trimestre<\/td>\n<td style=\"text-align: center;\">2do Trimestre<\/td>\n<td style=\"text-align: center;\">3er Trimestre<\/td>\n<td style=\"text-align: center;\">4to Trimestre<\/td>\n<\/tr>\n<tr>\n<td style=\"text-align: center;\">No se ha generado informaci\u00f3n<\/p>\n<p>en este periodo. \ud83d\ude41<\/td>\n<td style=\"text-align: center;\">No se ha generado informaci\u00f3n<\/p>\n<p>en este periodo. \ud83d\ude41<\/td>\n<td style=\"text-align: center;\">No se ha generado informaci\u00f3n<\/p>\n<p>en este periodo. \ud83d\ude41<\/td>\n<td style=\"text-align: center;\">No se ha generado informaci\u00f3n<\/p>\n<p>en este periodo. \ud83d\ude41<\/td>\n<\/tr>\n<\/tbody>\n<\/table>\n<p>&nbsp;<\/p>\n<ul>\n<li>2025<\/li>\n<\/ul>\n<table style=\"height: 74px;\" width=\"824\">\n<tbody>\n<tr style=\"background-color: pink;\">\n<td style=\"text-align: center;\">1er Trimestre<\/td>\n<td style=\"text-align: center;\">2do Trimestre<\/td>\n<td style=\"text-align: center;\">3er Trimestre<\/td>\n<td style=\"text-align: center;\">4to Trimestre<\/td>\n<\/tr>\n<tr>\n<td style=\"text-align: center;\">No se ha generado informaci\u00f3n<\/p>\n<p>en este periodo. \ud83d\ude41<\/td>\n<td style=\"text-align: center;\">No se ha generado informaci\u00f3n<\/p>\n<p>en este periodo. \ud83d\ude41<\/td>\n<td style=\"text-align: center;\"><\/td>\n<td style=\"text-align: center;\"><\/td>\n<\/tr>\n<\/tbody>\n<\/table>\n<p>&nbsp;<\/p>\n<p>&nbsp;<\/p>\n<p>&nbsp;<\/p>\n<p>&nbsp;<\/p>\n<p>&nbsp;<\/p>\n<p>&nbsp;<\/p>\n<p>&nbsp;<\/p>\n<p>&nbsp;<\/p>\n<p>&nbsp;<\/p>\n<p>&nbsp;<\/p>\n<p>&nbsp;<\/p>\n","protected":false},"excerpt":{"rendered":"<p>Fracci\u00f3n XXXIX: La integraci\u00f3n del Comit\u00e9 de Transparencia, as\u00ed como sus actas y resoluciones. INTEGRACI\u00d3N DEL COMIT\u00c9 DE TRANSPARENCIA 2023 &nbsp; 1er Trimestre 2do Trimestre 3er Trimestre 4to Trimestre 2024 1er Trimestre 2do Trimestre 3er Trimestre 4to Trimestre 2025 1er Trimestre 2do Trimestre 3er Trimestre 4to Trimestre ACTAS Y RESOLUCIONES 2023 1er Trimestre 2do Trimestre&hellip;<\/p>\n","protected":false},"author":2,"featured_media":0,"parent":0,"menu_order":0,"comment_status":"closed","ping_status":"closed","template":"","meta":[],"_links":{"self":[{"href":"https:\/\/dif.villadealvarez.gob.mx\/noticias\/wp-json\/wp\/v2\/pages\/476"}],"collection":[{"href":"https:\/\/dif.villadealvarez.gob.mx\/noticias\/wp-json\/wp\/v2\/pages"}],"about":[{"href":"https:\/\/dif.villadealvarez.gob.mx\/noticias\/wp-json\/wp\/v2\/types\/page"}],"author":[{"embeddable":true,"href":"https:\/\/dif.villadealvarez.gob.mx\/noticias\/wp-json\/wp\/v2\/users\/2"}],"replies":[{"embeddable":true,"href":"https:\/\/dif.villadealvarez.gob.mx\/noticias\/wp-json\/wp\/v2\/comments?post=476"}],"version-history":[{"count":15,"href":"https:\/\/dif.villadealvarez.gob.mx\/noticias\/wp-json\/wp\/v2\/pages\/476\/revisions"}],"predecessor-version":[{"id":3567,"href":"https:\/\/dif.villadealvarez.gob.mx\/noticias\/wp-json\/wp\/v2\/pages\/476\/revisions\/3567"}],"wp:attachment":[{"href":"https:\/\/dif.villadealvarez.gob.mx\/noticias\/wp-json\/wp\/v2\/media?parent=476"}],"curies":[{"name":"wp","href":"https:\/\/api.w.org\/{rel}","templated":true}]}}