{"id":482,"date":"2022-08-23T14:50:30","date_gmt":"2022-08-23T14:50:30","guid":{"rendered":"https:\/\/dif.villadealvarez.gob.mx\/noticias\/?page_id=482"},"modified":"2026-01-29T18:29:21","modified_gmt":"2026-01-29T18:29:21","slug":"fraccion-xlv","status":"publish","type":"page","link":"https:\/\/dif.villadealvarez.gob.mx\/noticias\/fraccion-xlv\/","title":{"rendered":"Fracci\u00f3n XLV"},"content":{"rendered":"<p><span style=\"color: #800080;\"><strong>Fracci\u00f3n XLV:<\/strong><\/span><\/p>\n<p>El cat\u00e1logo de disposici\u00f3n y gu\u00eda de archivo documental.<\/p>\n<p>&nbsp;<\/p>\n<p style=\"text-align: center;\"><strong>2023<\/strong><\/p>\n<table style=\"height: 74px;\" width=\"824\">\n<tbody>\n<tr style=\"background-color: pink;\">\n<td style=\"text-align: center;\"><strong>1er Trimestre<\/strong><\/td>\n<td style=\"text-align: center;\"><strong>2do Trimestre<\/strong><\/td>\n<td style=\"text-align: center;\"><strong>3er Trimestre<\/strong><\/td>\n<td style=\"text-align: center;\"><strong>4to Trimestre<\/strong><\/td>\n<\/tr>\n<tr>\n<td style=\"text-align: center;\"><a href=\"https:\/\/dif.villadealvarez.gob.mx\/noticias\/wp-content\/uploads\/2024\/07\/OFICIO-FEACCION-XLV-31-DE-MARZO-2023.pdf\"><img loading=\"lazy\" class=\"\" src=\"https:\/\/dif.villadealvarez.gob.mx\/noticias\/wp-content\/uploads\/2022\/08\/document.png\" width=\"52\" height=\"52\" \/><\/a><\/td>\n<td style=\"text-align: center;\"><a href=\"https:\/\/dif.villadealvarez.gob.mx\/noticias\/wp-content\/uploads\/2024\/07\/OFICIO-FRACCION-XLV-30-DE-JUNIO-2023.pdf\"><img loading=\"lazy\" class=\"\" src=\"https:\/\/dif.villadealvarez.gob.mx\/noticias\/wp-content\/uploads\/2022\/08\/document.png\" width=\"52\" height=\"52\" \/><\/a><\/td>\n<td style=\"text-align: center;\"><a href=\"https:\/\/dif.villadealvarez.gob.mx\/noticias\/wp-content\/uploads\/2024\/07\/OFICIO-FRACCION-XLV-29-DE-SEPTIEMBRE-2023.pdf\"><img loading=\"lazy\" class=\"\" src=\"https:\/\/dif.villadealvarez.gob.mx\/noticias\/wp-content\/uploads\/2022\/08\/document.png\" width=\"52\" height=\"52\" \/><\/a><\/td>\n<td style=\"text-align: center;\"><a href=\"https:\/\/dif.villadealvarez.gob.mx\/noticias\/wp-content\/uploads\/2024\/07\/OFICIO-FRACCION-XLV-29-DE-DICIEMBRE-2023.pdf\"><img loading=\"lazy\" class=\"\" src=\"https:\/\/dif.villadealvarez.gob.mx\/noticias\/wp-content\/uploads\/2022\/08\/document.png\" width=\"52\" height=\"52\" \/><\/a><\/td>\n<\/tr>\n<\/tbody>\n<\/table>\n<p>&nbsp;<\/p>\n<p style=\"text-align: center;\"><strong>2024<\/strong><\/p>\n<table style=\"height: 74px;\" width=\"824\">\n<tbody>\n<tr style=\"background-color: pink;\">\n<td style=\"text-align: center;\"><strong>1er Trimestre<\/strong><\/td>\n<td style=\"text-align: center;\"><strong>2do<\/strong> <strong>Trimestre<\/strong><\/td>\n<td style=\"text-align: center;\"><strong>3er Trimestre<\/strong><\/td>\n<td style=\"text-align: center;\"><strong>4to Trimestre<\/strong><\/td>\n<\/tr>\n<tr>\n<td style=\"text-align: center;\"><a href=\"https:\/\/dif.villadealvarez.gob.mx\/noticias\/wp-content\/uploads\/2024\/09\/FRACCION-XLV-1.pdf\"><img loading=\"lazy\" class=\"\" src=\"https:\/\/dif.villadealvarez.gob.mx\/noticias\/wp-content\/uploads\/2022\/08\/document.png\" width=\"52\" height=\"52\" \/><\/a><\/td>\n<td style=\"text-align: center;\"><a href=\"https:\/\/dif.villadealvarez.gob.mx\/noticias\/wp-content\/uploads\/2024\/09\/FRACCION-XLV.pdf\"><img loading=\"lazy\" class=\"\" src=\"https:\/\/dif.villadealvarez.gob.mx\/noticias\/wp-content\/uploads\/2022\/08\/document.png\" width=\"52\" height=\"52\" \/><\/a><\/td>\n<td style=\"text-align: center;\"><a href=\"https:\/\/dif.villadealvarez.gob.mx\/noticias\/wp-content\/uploads\/2025\/02\/3ER-TRIM.pdf\"><img loading=\"lazy\" class=\"\" src=\"https:\/\/dif.villadealvarez.gob.mx\/noticias\/wp-content\/uploads\/2022\/08\/document.png\" width=\"52\" height=\"52\" \/><\/a><\/td>\n<td style=\"text-align: center;\"><a href=\"https:\/\/dif.villadealvarez.gob.mx\/noticias\/wp-content\/uploads\/2025\/02\/4\u00b0-TRIM.pdf\"><img loading=\"lazy\" class=\"\" src=\"https:\/\/dif.villadealvarez.gob.mx\/noticias\/wp-content\/uploads\/2022\/08\/document.png\" width=\"52\" height=\"52\" \/><\/a><\/td>\n<\/tr>\n<\/tbody>\n<\/table>\n<p>&nbsp;<\/p>\n<p style=\"text-align: center;\"><strong>2025<\/strong><\/p>\n<table style=\"height: 74px;\" width=\"824\">\n<tbody>\n<tr style=\"background-color: pink;\">\n<td style=\"text-align: center;\"><strong>1er Trimestre<\/strong><\/td>\n<td style=\"text-align: center;\"><strong>2do<\/strong> <strong>Trimestre<\/strong><\/td>\n<td style=\"text-align: center;\"><strong>3er Trimestre<\/strong><\/td>\n<td style=\"text-align: center;\"><strong>4to Trimestre<\/strong><\/td>\n<\/tr>\n<tr>\n<td style=\"text-align: center;\"><a href=\"https:\/\/dif.villadealvarez.gob.mx\/noticias\/wp-content\/uploads\/2025\/04\/FRACC-XLV.pdf\"><img loading=\"lazy\" class=\"\" src=\"https:\/\/dif.villadealvarez.gob.mx\/noticias\/wp-content\/uploads\/2022\/08\/document.png\" width=\"52\" height=\"52\" \/><\/a><\/td>\n<td style=\"text-align: center;\"><a href=\"https:\/\/dif.villadealvarez.gob.mx\/noticias\/wp-content\/uploads\/2025\/08\/FRACC-XLV.pdf\"><img loading=\"lazy\" class=\"\" src=\"https:\/\/dif.villadealvarez.gob.mx\/noticias\/wp-content\/uploads\/2022\/08\/document.png\" width=\"52\" height=\"52\" \/><\/a><\/td>\n<td style=\"text-align: center;\"><a href=\"https:\/\/dif.villadealvarez.gob.mx\/noticias\/wp-content\/uploads\/2025\/10\/FRACC-XLV.pdf\"><img loading=\"lazy\" class=\"\" src=\"https:\/\/dif.villadealvarez.gob.mx\/noticias\/wp-content\/uploads\/2022\/08\/document.png\" width=\"52\" height=\"52\" \/><\/a><\/td>\n<td style=\"text-align: center;\"><a href=\"https:\/\/dif.villadealvarez.gob.mx\/noticias\/wp-content\/uploads\/2026\/01\/FRACC-XLV-4\u00b0-TRIM.pdf\"><img loading=\"lazy\" class=\"\" src=\"https:\/\/dif.villadealvarez.gob.mx\/noticias\/wp-content\/uploads\/2022\/08\/document.png\" width=\"52\" height=\"52\" \/><\/a><\/td>\n<\/tr>\n<\/tbody>\n<\/table>\n<p style=\"text-align: center;\"><strong>2026<\/strong><\/p>\n<table style=\"height: 74px;\" width=\"824\">\n<tbody>\n<tr style=\"background-color: pink;\">\n<td style=\"text-align: center;\"><strong>1er Trimestre<\/strong><\/td>\n<td style=\"text-align: center;\"><strong>2do<\/strong> <strong>Trimestre<\/strong><\/td>\n<td style=\"text-align: center;\"><strong>3er Trimestre<\/strong><\/td>\n<td style=\"text-align: center;\"><strong>4to Trimestre<\/strong><\/td>\n<\/tr>\n<tr>\n<td style=\"text-align: center;\"><\/td>\n<td style=\"text-align: center;\"><\/td>\n<td style=\"text-align: center;\"><\/td>\n<td style=\"text-align: center;\"><\/td>\n<\/tr>\n<\/tbody>\n<\/table>\n","protected":false},"excerpt":{"rendered":"<p>Fracci\u00f3n XLV: El cat\u00e1logo de disposici\u00f3n y gu\u00eda de archivo documental. &nbsp; 2023 1er Trimestre 2do Trimestre 3er Trimestre 4to Trimestre &nbsp; 2024 1er Trimestre 2do Trimestre 3er Trimestre 4to Trimestre &nbsp; 2025 1er Trimestre 2do Trimestre 3er Trimestre 4to Trimestre 2026 1er Trimestre 2do Trimestre 3er Trimestre 4to Trimestre<\/p>\n","protected":false},"author":2,"featured_media":0,"parent":0,"menu_order":0,"comment_status":"closed","ping_status":"closed","template":"","meta":[],"_links":{"self":[{"href":"https:\/\/dif.villadealvarez.gob.mx\/noticias\/wp-json\/wp\/v2\/pages\/482"}],"collection":[{"href":"https:\/\/dif.villadealvarez.gob.mx\/noticias\/wp-json\/wp\/v2\/pages"}],"about":[{"href":"https:\/\/dif.villadealvarez.gob.mx\/noticias\/wp-json\/wp\/v2\/types\/page"}],"author":[{"embeddable":true,"href":"https:\/\/dif.villadealvarez.gob.mx\/noticias\/wp-json\/wp\/v2\/users\/2"}],"replies":[{"embeddable":true,"href":"https:\/\/dif.villadealvarez.gob.mx\/noticias\/wp-json\/wp\/v2\/comments?post=482"}],"version-history":[{"count":23,"href":"https:\/\/dif.villadealvarez.gob.mx\/noticias\/wp-json\/wp\/v2\/pages\/482\/revisions"}],"predecessor-version":[{"id":4265,"href":"https:\/\/dif.villadealvarez.gob.mx\/noticias\/wp-json\/wp\/v2\/pages\/482\/revisions\/4265"}],"wp:attachment":[{"href":"https:\/\/dif.villadealvarez.gob.mx\/noticias\/wp-json\/wp\/v2\/media?parent=482"}],"curies":[{"name":"wp","href":"https:\/\/api.w.org\/{rel}","templated":true}]}}