{"id":487,"date":"2022-08-23T14:53:45","date_gmt":"2022-08-23T14:53:45","guid":{"rendered":"https:\/\/dif.villadealvarez.gob.mx\/noticias\/?page_id=487"},"modified":"2025-12-17T19:09:20","modified_gmt":"2025-12-17T19:09:20","slug":"fraccion-xlviii","status":"publish","type":"page","link":"https:\/\/dif.villadealvarez.gob.mx\/noticias\/fraccion-xlviii\/","title":{"rendered":"Fracci\u00f3n XLVIII"},"content":{"rendered":"<p><span style=\"color: #800080;\"><strong>Fracci\u00f3n XLVIII:<\/strong><\/span><\/p>\n<p>El cat\u00e1logo de informaci\u00f3n adicional as\u00ed como cualquier otra informaci\u00f3n que sea de utilidad o se considere relevante, adem\u00e1s de la que, con base en la informaci\u00f3n estad\u00edstica, responda a las preguntas hechas con m\u00e1s frecuencia por el p\u00fablico.<\/p>\n<p style=\"text-align: center;\"><strong>2023<\/strong><\/p>\n<table style=\"height: 74px;\" width=\"824\">\n<tbody>\n<tr style=\"background-color: pink;\">\n<td style=\"text-align: center;\">1er Trimestre<\/td>\n<td style=\"text-align: center;\">2do Trimestre<\/td>\n<td style=\"text-align: center;\">3er Trimestre<\/td>\n<td style=\"text-align: center;\">4to Trimestre<\/td>\n<\/tr>\n<tr>\n<td style=\"text-align: center;\"><a href=\"https:\/\/dif.villadealvarez.gob.mx\/noticias\/wp-content\/uploads\/2024\/07\/OFICIO-FRACCION-XLVIII-31-DE-MARZO-2023.pdf\"><img loading=\"lazy\" class=\"\" src=\"https:\/\/dif.villadealvarez.gob.mx\/noticias\/wp-content\/uploads\/2022\/08\/document.png\" width=\"62\" height=\"62\" \/><\/a><\/td>\n<td style=\"text-align: center;\"><a href=\"https:\/\/dif.villadealvarez.gob.mx\/noticias\/wp-content\/uploads\/2024\/07\/OFICIO-FRACCION-XLVIII-30-DE-JUNIO-2023.pdf\"><img loading=\"lazy\" class=\"\" src=\"https:\/\/dif.villadealvarez.gob.mx\/noticias\/wp-content\/uploads\/2022\/08\/document.png\" width=\"62\" height=\"62\" \/><\/a><\/td>\n<td style=\"text-align: center;\"><a href=\"https:\/\/dif.villadealvarez.gob.mx\/noticias\/wp-content\/uploads\/2024\/07\/OFICIO-FRACCION-XLVIII-29-DE-SEPTIEMBRE-2023.pdf\"><img loading=\"lazy\" class=\"\" src=\"https:\/\/dif.villadealvarez.gob.mx\/noticias\/wp-content\/uploads\/2022\/08\/document.png\" width=\"62\" height=\"62\" \/><\/a><\/td>\n<td style=\"text-align: center;\"><a href=\"https:\/\/dif.villadealvarez.gob.mx\/noticias\/wp-content\/uploads\/2024\/07\/OFICIO-FRACCION-XLVIII-29-DE-DICIEMBRE-2023.pdf\"><img loading=\"lazy\" class=\"\" src=\"https:\/\/dif.villadealvarez.gob.mx\/noticias\/wp-content\/uploads\/2022\/08\/document.png\" width=\"62\" height=\"62\" \/><\/a><\/td>\n<\/tr>\n<\/tbody>\n<\/table>\n<p style=\"text-align: center;\"><strong>2024<\/strong><\/p>\n<table style=\"height: 74px;\" width=\"824\">\n<tbody>\n<tr style=\"background-color: pink;\">\n<td style=\"text-align: center;\">1er Trimestre<\/td>\n<td style=\"text-align: center;\">2do Trimestre<\/td>\n<td style=\"text-align: center;\">3er Trimestre<\/td>\n<td style=\"text-align: center;\">4to Trimestre<\/td>\n<\/tr>\n<tr>\n<td style=\"text-align: center;\"><a href=\"https:\/\/dif.villadealvarez.gob.mx\/noticias\/wp-content\/uploads\/2024\/09\/FRACCION-XLVIII.pdf\"><img loading=\"lazy\" class=\"\" src=\"https:\/\/dif.villadealvarez.gob.mx\/noticias\/wp-content\/uploads\/2022\/08\/document.png\" width=\"62\" height=\"62\" \/><\/a><\/td>\n<td style=\"text-align: center;\"><a href=\"https:\/\/dif.villadealvarez.gob.mx\/noticias\/wp-content\/uploads\/2024\/10\/FRACC-XLVIII.pdf\"><img loading=\"lazy\" class=\"\" src=\"https:\/\/dif.villadealvarez.gob.mx\/noticias\/wp-content\/uploads\/2022\/08\/document.png\" width=\"62\" height=\"62\" \/><\/a><\/td>\n<td style=\"text-align: center;\"><a href=\"https:\/\/dif.villadealvarez.gob.mx\/noticias\/wp-content\/uploads\/2025\/01\/FRACC-XLVIII-3ER-TRIM-2024.pdf\"><img loading=\"lazy\" class=\"\" src=\"https:\/\/dif.villadealvarez.gob.mx\/noticias\/wp-content\/uploads\/2022\/08\/document.png\" width=\"62\" height=\"62\" \/><\/a><\/td>\n<td style=\"text-align: center;\"><a href=\"https:\/\/dif.villadealvarez.gob.mx\/noticias\/wp-content\/uploads\/2025\/01\/FRACC-XLVIII-4\u00b0-TRIM-2024-copia.pdf\"><img loading=\"lazy\" class=\"\" src=\"https:\/\/dif.villadealvarez.gob.mx\/noticias\/wp-content\/uploads\/2022\/08\/document.png\" width=\"62\" height=\"62\" \/><\/a><\/td>\n<\/tr>\n<\/tbody>\n<\/table>\n<p style=\"text-align: center;\"><strong>2025<\/strong><\/p>\n<ul>\n<li>INFORMACI\u00d3N DE PLATICAS PREMATRIMONIALES\u00a0 <a href=\"https:\/\/dif.villadealvarez.gob.mx\/noticias\/wp-content\/uploads\/2025\/08\/FRACCION-XLVIII-Constancia-de-Platicas-Matrimoniales.pdf\"><img loading=\"lazy\" class=\"\" src=\"https:\/\/dif.villadealvarez.gob.mx\/noticias\/wp-content\/uploads\/2022\/08\/document.png\" width=\"62\" height=\"62\" \/><\/a><\/li>\n<\/ul>\n<p>&nbsp;<\/p>\n<ul>\n<li>MATRIZ DE INDICADORES DE RESULTADOS\u00a0 \u00a0<a href=\"https:\/\/dif.villadealvarez.gob.mx\/noticias\/wp-content\/uploads\/2025\/08\/FRACC.-VI-MATRIZ-DE-INDICADORES-BASADA-EN-RESULTADOS-1ER.-TRIMESTRE.pdf\"><img loading=\"lazy\" class=\"\" src=\"https:\/\/dif.villadealvarez.gob.mx\/noticias\/wp-content\/uploads\/2022\/08\/document.png\" width=\"62\" height=\"62\" \/><\/a><\/li>\n<\/ul>\n<p>&nbsp;<\/p>\n<p>&nbsp;<\/p>\n<ul>\n<li>METAS ESTRAT\u00c9GICAS 2024 <a href=\"https:\/\/dif.villadealvarez.gob.mx\/noticias\/wp-content\/uploads\/2025\/12\/Fracc-XLVIII-Evaluacion-Metas-Estrategicas-2024.pdf\"><img loading=\"lazy\" class=\"\" src=\"https:\/\/dif.villadealvarez.gob.mx\/noticias\/wp-content\/uploads\/2022\/08\/document.png\" width=\"62\" height=\"62\" \/><\/a><\/li>\n<\/ul>\n<p>&nbsp;<\/p>\n<p>&nbsp;<\/p>\n<p>&nbsp;<\/p>\n<p>&nbsp;<\/p>\n<p>&nbsp;<\/p>\n<p>&nbsp;<\/p>\n<p>&nbsp;<\/p>\n<p>&nbsp;<\/p>\n<p>&nbsp;<\/p>\n<p>&nbsp;<\/p>\n<p>&nbsp;<\/p>\n<p>&nbsp;<\/p>\n<p>&nbsp;<\/p>\n<p>&nbsp;<\/p>\n<p>&nbsp;<\/p>\n<p>&nbsp;<\/p>\n<p>&nbsp;<\/p>\n<p>&nbsp;<\/p>\n<p>&nbsp;<\/p>\n<p>&nbsp;<\/p>\n<p>&nbsp;<\/p>\n<p>&nbsp;<\/p>\n<p>&nbsp;<\/p>\n<p>&nbsp;<\/p>\n","protected":false},"excerpt":{"rendered":"<p>Fracci\u00f3n XLVIII: El cat\u00e1logo de informaci\u00f3n adicional as\u00ed como cualquier otra informaci\u00f3n que sea de utilidad o se considere relevante, adem\u00e1s de la que, con base en la informaci\u00f3n estad\u00edstica, responda a las preguntas hechas con m\u00e1s frecuencia por el p\u00fablico. 2023 1er Trimestre 2do Trimestre 3er Trimestre 4to Trimestre 2024 1er Trimestre 2do Trimestre&hellip;<\/p>\n","protected":false},"author":2,"featured_media":0,"parent":0,"menu_order":0,"comment_status":"closed","ping_status":"closed","template":"","meta":[],"_links":{"self":[{"href":"https:\/\/dif.villadealvarez.gob.mx\/noticias\/wp-json\/wp\/v2\/pages\/487"}],"collection":[{"href":"https:\/\/dif.villadealvarez.gob.mx\/noticias\/wp-json\/wp\/v2\/pages"}],"about":[{"href":"https:\/\/dif.villadealvarez.gob.mx\/noticias\/wp-json\/wp\/v2\/types\/page"}],"author":[{"embeddable":true,"href":"https:\/\/dif.villadealvarez.gob.mx\/noticias\/wp-json\/wp\/v2\/users\/2"}],"replies":[{"embeddable":true,"href":"https:\/\/dif.villadealvarez.gob.mx\/noticias\/wp-json\/wp\/v2\/comments?post=487"}],"version-history":[{"count":10,"href":"https:\/\/dif.villadealvarez.gob.mx\/noticias\/wp-json\/wp\/v2\/pages\/487\/revisions"}],"predecessor-version":[{"id":4176,"href":"https:\/\/dif.villadealvarez.gob.mx\/noticias\/wp-json\/wp\/v2\/pages\/487\/revisions\/4176"}],"wp:attachment":[{"href":"https:\/\/dif.villadealvarez.gob.mx\/noticias\/wp-json\/wp\/v2\/media?parent=487"}],"curies":[{"name":"wp","href":"https:\/\/api.w.org\/{rel}","templated":true}]}}