{"id":990,"date":"2023-02-20T17:42:02","date_gmt":"2023-02-20T17:42:02","guid":{"rendered":"https:\/\/dif.villadealvarez.gob.mx\/noticias\/?page_id=990"},"modified":"2023-03-02T17:32:17","modified_gmt":"2023-03-02T17:32:17","slug":"juegos","status":"publish","type":"page","link":"https:\/\/dif.villadealvarez.gob.mx\/noticias\/juegos\/","title":{"rendered":"JUEGOS"},"content":{"rendered":"<table style=\"height: 74px;\" width=\"824\">\n<tbody>\n<tr style=\"background-color: skyblue;\">\n<td style=\"text-align: center;\"><strong>Descripci\u00f3n<\/strong><\/td>\n<td style=\"text-align: center;\"><strong>Enlace<\/strong><\/td>\n<\/tr>\n<tr>\n<td style=\"text-align: center;\">Amor vs Control<\/td>\n<td style=\"text-align: center;\"><a href=\"https:\/\/dif.villadealvarez.gob.mx\/pannar\/\"><img loading=\"lazy\" class=\"alignnone wp-image-1011\" src=\"https:\/\/dif.villadealvarez.gob.mx\/noticias\/wp-content\/uploads\/2023\/02\/consola-de-juego-300x300.png\" alt=\"\" width=\"61\" height=\"61\" srcset=\"https:\/\/dif.villadealvarez.gob.mx\/noticias\/wp-content\/uploads\/2023\/02\/consola-de-juego-300x300.png 300w, https:\/\/dif.villadealvarez.gob.mx\/noticias\/wp-content\/uploads\/2023\/02\/consola-de-juego-150x150.png 150w, https:\/\/dif.villadealvarez.gob.mx\/noticias\/wp-content\/uploads\/2023\/02\/consola-de-juego.png 512w\" sizes=\"(max-width: 61px) 100vw, 61px\" \/><\/a><\/td>\n<\/tr>\n<tr>\n<td style=\"text-align: center;\">Amor vs Control versi\u00f3n descargable (son 3 archivos necesarios: el juego, el violent\u00f3metro y las instrucciones)<\/td>\n<td style=\"text-align: center;\"><a href=\"https:\/\/dif.villadealvarez.gob.mx\/noticias\/wp-content\/uploads\/2023\/02\/LONA-JUEGO-v5.2.1.pdf\"><img loading=\"lazy\" class=\"alignnone wp-image-1011\" src=\"https:\/\/dif.villadealvarez.gob.mx\/noticias\/wp-content\/uploads\/2023\/02\/consola-de-juego-300x300.png\" alt=\"\" width=\"60\" height=\"60\" srcset=\"https:\/\/dif.villadealvarez.gob.mx\/noticias\/wp-content\/uploads\/2023\/02\/consola-de-juego-300x300.png 300w, https:\/\/dif.villadealvarez.gob.mx\/noticias\/wp-content\/uploads\/2023\/02\/consola-de-juego-150x150.png 150w, https:\/\/dif.villadealvarez.gob.mx\/noticias\/wp-content\/uploads\/2023\/02\/consola-de-juego.png 512w\" sizes=\"(max-width: 60px) 100vw, 60px\" \/><\/a><\/p>\n<p><a href=\"https:\/\/dif.villadealvarez.gob.mx\/noticias\/wp-content\/uploads\/2023\/02\/violentometro.pdf\"><img loading=\"lazy\" class=\"alignnone wp-image-1012\" src=\"https:\/\/dif.villadealvarez.gob.mx\/noticias\/wp-content\/uploads\/2023\/02\/termometro-300x300.png\" alt=\"\" width=\"62\" height=\"62\" srcset=\"https:\/\/dif.villadealvarez.gob.mx\/noticias\/wp-content\/uploads\/2023\/02\/termometro-300x300.png 300w, https:\/\/dif.villadealvarez.gob.mx\/noticias\/wp-content\/uploads\/2023\/02\/termometro-150x150.png 150w, https:\/\/dif.villadealvarez.gob.mx\/noticias\/wp-content\/uploads\/2023\/02\/termometro.png 512w\" sizes=\"(max-width: 62px) 100vw, 62px\" \/><\/a><\/p>\n<p><a href=\"https:\/\/dif.villadealvarez.gob.mx\/noticias\/wp-content\/uploads\/2023\/03\/INSTRUCCIONES.pdf\"><img loading=\"lazy\" class=\"alignnone wp-image-1014\" src=\"https:\/\/dif.villadealvarez.gob.mx\/noticias\/wp-content\/uploads\/2023\/02\/reglas-de-derechos-de-autor-300x300.png\" alt=\"\" width=\"52\" height=\"52\" srcset=\"https:\/\/dif.villadealvarez.gob.mx\/noticias\/wp-content\/uploads\/2023\/02\/reglas-de-derechos-de-autor-300x300.png 300w, https:\/\/dif.villadealvarez.gob.mx\/noticias\/wp-content\/uploads\/2023\/02\/reglas-de-derechos-de-autor-150x150.png 150w, https:\/\/dif.villadealvarez.gob.mx\/noticias\/wp-content\/uploads\/2023\/02\/reglas-de-derechos-de-autor.png 512w\" sizes=\"(max-width: 52px) 100vw, 52px\" \/><\/a><\/td>\n<\/tr>\n<\/tbody>\n<\/table>\n","protected":false},"excerpt":{"rendered":"<p>Descripci\u00f3n Enlace Amor vs Control Amor vs Control versi\u00f3n descargable (son 3 archivos necesarios: el juego, el violent\u00f3metro y las instrucciones)<\/p>\n","protected":false},"author":2,"featured_media":0,"parent":0,"menu_order":0,"comment_status":"closed","ping_status":"closed","template":"","meta":[],"_links":{"self":[{"href":"https:\/\/dif.villadealvarez.gob.mx\/noticias\/wp-json\/wp\/v2\/pages\/990"}],"collection":[{"href":"https:\/\/dif.villadealvarez.gob.mx\/noticias\/wp-json\/wp\/v2\/pages"}],"about":[{"href":"https:\/\/dif.villadealvarez.gob.mx\/noticias\/wp-json\/wp\/v2\/types\/page"}],"author":[{"embeddable":true,"href":"https:\/\/dif.villadealvarez.gob.mx\/noticias\/wp-json\/wp\/v2\/users\/2"}],"replies":[{"embeddable":true,"href":"https:\/\/dif.villadealvarez.gob.mx\/noticias\/wp-json\/wp\/v2\/comments?post=990"}],"version-history":[{"count":20,"href":"https:\/\/dif.villadealvarez.gob.mx\/noticias\/wp-json\/wp\/v2\/pages\/990\/revisions"}],"predecessor-version":[{"id":1227,"href":"https:\/\/dif.villadealvarez.gob.mx\/noticias\/wp-json\/wp\/v2\/pages\/990\/revisions\/1227"}],"wp:attachment":[{"href":"https:\/\/dif.villadealvarez.gob.mx\/noticias\/wp-json\/wp\/v2\/media?parent=990"}],"curies":[{"name":"wp","href":"https:\/\/api.w.org\/{rel}","templated":true}]}}